{"id":4811,"date":"2025-12-19T19:27:46","date_gmt":"2025-12-19T19:27:46","guid":{"rendered":"https:\/\/www.refonte.zaza-lili.com\/produit\/ethoshange\/"},"modified":"2026-02-07T16:38:10","modified_gmt":"2026-02-07T16:38:10","slug":"ethoshange","status":"publish","type":"product","link":"https:\/\/www.zaza-lili.com\/sv\/produkt\/ethoshange\/","title":{"rendered":"Ethos<br>H\u00e4nge"},"content":{"rendered":"<p>Rund och harmonisk, denna glasp\u00e4rlan pryds av en tunn kedja. Detta eleganta och sofistikerade halsband ger varje look en ljus och stilfull k\u00e4nsla, b\u00e5de till vardag och fest.<\/p>\n","protected":false},"excerpt":{"rendered":"<p>Rund och harmonisk, denna glasp\u00e4rlan pryds av en tunn kedja. Detta eleganta och sofistikerade halsband ger varje look en ljus och stilfull k\u00e4nsla, b\u00e5de till vardag och fest.<\/p>\n","protected":false},"featured_media":4809,"template":"","meta":[],"product_brand":[],"product_cat":[239,96,213],"product_tag":[],"class_list":{"0":"post-4811","1":"product","2":"type-product","3":"status-publish","4":"has-post-thumbnail","6":"product_cat-ethos","7":"product_cat-halsband","8":"product_cat-pearl-muse","10":"first","11":"instock","12":"shipping-taxable","13":"purchasable","14":"product-type-simple"},"aioseo_notices":[],"_links":{"self":[{"href":"https:\/\/www.zaza-lili.com\/sv\/wp-json\/wp\/v2\/product\/4811","targetHints":{"allow":["GET"]}}],"collection":[{"href":"https:\/\/www.zaza-lili.com\/sv\/wp-json\/wp\/v2\/product"}],"about":[{"href":"https:\/\/www.zaza-lili.com\/sv\/wp-json\/wp\/v2\/types\/product"}],"version-history":[{"count":0,"href":"https:\/\/www.zaza-lili.com\/sv\/wp-json\/wp\/v2\/product\/4811\/revisions"}],"wp:featuredmedia":[{"embeddable":true,"href":"https:\/\/www.zaza-lili.com\/sv\/wp-json\/wp\/v2\/media\/4809"}],"wp:attachment":[{"href":"https:\/\/www.zaza-lili.com\/sv\/wp-json\/wp\/v2\/media?parent=4811"}],"wp:term":[{"taxonomy":"product_brand","embeddable":true,"href":"https:\/\/www.zaza-lili.com\/sv\/wp-json\/wp\/v2\/product_brand?post=4811"},{"taxonomy":"product_cat","embeddable":true,"href":"https:\/\/www.zaza-lili.com\/sv\/wp-json\/wp\/v2\/product_cat?post=4811"},{"taxonomy":"product_tag","embeddable":true,"href":"https:\/\/www.zaza-lili.com\/sv\/wp-json\/wp\/v2\/product_tag?post=4811"}],"curies":[{"name":"wp","href":"https:\/\/api.w.org\/{rel}","templated":true}]}}