{"id":4800,"date":"2025-12-19T19:19:39","date_gmt":"2025-12-19T19:19:39","guid":{"rendered":"https:\/\/www.refonte.zaza-lili.com\/produit\/ethos-halsband\/"},"modified":"2026-02-07T16:38:40","modified_gmt":"2026-02-07T16:38:40","slug":"ethos-halsband","status":"publish","type":"product","link":"https:\/\/www.zaza-lili.com\/sv\/produkt\/ethos-halsband\/","title":{"rendered":"Ethos<br> Halsband"},"content":{"rendered":"<p>Ett enkelt och feminint halsband med fem glasp\u00e4rlor p\u00e5 en tunn kedja. Den fina designen ger varje look en ljus och sofistikerad k\u00e4nsla, b\u00e5de till vardag och fest.<\/p>\n","protected":false},"excerpt":{"rendered":"<p>Ett enkelt och feminint halsband med fem glasp\u00e4rlor p\u00e5 en tunn kedja. Den fina designen ger varje look en ljus och sofistikerad k\u00e4nsla, b\u00e5de till vardag och fest.<\/p>\n","protected":false},"featured_media":4799,"template":"","meta":[],"product_brand":[],"product_cat":[239,96,213],"product_tag":[],"class_list":{"0":"post-4800","1":"product","2":"type-product","3":"status-publish","4":"has-post-thumbnail","6":"product_cat-ethos","7":"product_cat-halsband","8":"product_cat-pearl-muse","10":"first","11":"instock","12":"shipping-taxable","13":"purchasable","14":"product-type-variable","15":"has-default-attributes"},"aioseo_notices":[],"_links":{"self":[{"href":"https:\/\/www.zaza-lili.com\/sv\/wp-json\/wp\/v2\/product\/4800","targetHints":{"allow":["GET"]}}],"collection":[{"href":"https:\/\/www.zaza-lili.com\/sv\/wp-json\/wp\/v2\/product"}],"about":[{"href":"https:\/\/www.zaza-lili.com\/sv\/wp-json\/wp\/v2\/types\/product"}],"version-history":[{"count":0,"href":"https:\/\/www.zaza-lili.com\/sv\/wp-json\/wp\/v2\/product\/4800\/revisions"}],"wp:featuredmedia":[{"embeddable":true,"href":"https:\/\/www.zaza-lili.com\/sv\/wp-json\/wp\/v2\/media\/4799"}],"wp:attachment":[{"href":"https:\/\/www.zaza-lili.com\/sv\/wp-json\/wp\/v2\/media?parent=4800"}],"wp:term":[{"taxonomy":"product_brand","embeddable":true,"href":"https:\/\/www.zaza-lili.com\/sv\/wp-json\/wp\/v2\/product_brand?post=4800"},{"taxonomy":"product_cat","embeddable":true,"href":"https:\/\/www.zaza-lili.com\/sv\/wp-json\/wp\/v2\/product_cat?post=4800"},{"taxonomy":"product_tag","embeddable":true,"href":"https:\/\/www.zaza-lili.com\/sv\/wp-json\/wp\/v2\/product_tag?post=4800"}],"curies":[{"name":"wp","href":"https:\/\/api.w.org\/{rel}","templated":true}]}}