{"id":4768,"date":"2025-12-19T18:59:12","date_gmt":"2025-12-19T18:59:12","guid":{"rendered":"https:\/\/www.refonte.zaza-lili.com\/produit\/ethos-orhangen\/"},"modified":"2026-02-07T16:38:40","modified_gmt":"2026-02-07T16:38:40","slug":"ethos-orhangen","status":"publish","type":"product","link":"https:\/\/www.zaza-lili.com\/sv\/produkt\/ethos-orhangen\/","title":{"rendered":"Ethos <br>\u00d6rh\u00e4ngen"},"content":{"rendered":"<p>Fina och eleganta \u00f6rh\u00e4ngen som framh\u00e4ver din feminina stil. H\u00e4nget, prytt med en glasp\u00e4rla, ger varje look en ljus och sofistikerad k\u00e4nsla.<\/p>\n","protected":false},"excerpt":{"rendered":"<p>Fina och eleganta \u00f6rh\u00e4ngen som framh\u00e4ver din feminina stil. H\u00e4nget, prytt med en glasp\u00e4rla, ger varje look en ljus och sofistikerad k\u00e4nsla.<\/p>\n","protected":false},"featured_media":4767,"template":"","meta":[],"product_brand":[],"product_cat":[239,53,213],"product_tag":[],"class_list":{"0":"post-4768","1":"product","2":"type-product","3":"status-publish","4":"has-post-thumbnail","6":"product_cat-ethos","7":"product_cat-orhangen","8":"product_cat-pearl-muse","10":"first","11":"instock","12":"shipping-taxable","13":"purchasable","14":"product-type-variable","15":"has-default-attributes"},"aioseo_notices":[],"_links":{"self":[{"href":"https:\/\/www.zaza-lili.com\/sv\/wp-json\/wp\/v2\/product\/4768","targetHints":{"allow":["GET"]}}],"collection":[{"href":"https:\/\/www.zaza-lili.com\/sv\/wp-json\/wp\/v2\/product"}],"about":[{"href":"https:\/\/www.zaza-lili.com\/sv\/wp-json\/wp\/v2\/types\/product"}],"version-history":[{"count":0,"href":"https:\/\/www.zaza-lili.com\/sv\/wp-json\/wp\/v2\/product\/4768\/revisions"}],"wp:featuredmedia":[{"embeddable":true,"href":"https:\/\/www.zaza-lili.com\/sv\/wp-json\/wp\/v2\/media\/4767"}],"wp:attachment":[{"href":"https:\/\/www.zaza-lili.com\/sv\/wp-json\/wp\/v2\/media?parent=4768"}],"wp:term":[{"taxonomy":"product_brand","embeddable":true,"href":"https:\/\/www.zaza-lili.com\/sv\/wp-json\/wp\/v2\/product_brand?post=4768"},{"taxonomy":"product_cat","embeddable":true,"href":"https:\/\/www.zaza-lili.com\/sv\/wp-json\/wp\/v2\/product_cat?post=4768"},{"taxonomy":"product_tag","embeddable":true,"href":"https:\/\/www.zaza-lili.com\/sv\/wp-json\/wp\/v2\/product_tag?post=4768"}],"curies":[{"name":"wp","href":"https:\/\/api.w.org\/{rel}","templated":true}]}}