{"id":4736,"date":"2025-12-17T15:11:51","date_gmt":"2025-12-17T15:11:51","guid":{"rendered":"https:\/\/www.refonte.zaza-lili.com\/produit\/nude-small-hange\/"},"modified":"2026-02-07T16:38:40","modified_gmt":"2026-02-07T16:38:40","slug":"nude-small-hange","status":"publish","type":"product","link":"https:\/\/www.zaza-lili.com\/sv\/produkt\/nude-small-hange\/","title":{"rendered":"Nude Small<br> H\u00e4nge"},"content":{"rendered":"<p>Ett dj\u00e4rvt halsband med en \u201cn\u00e4stan avkl\u00e4dd\u201d effekt, d\u00e4r kedjan f\u00f6rsiktigt g\u00e5r igenom en glasp\u00e4rla. Ett modernt och sofistikerat smycke som ger varje look en unik och trendig k\u00e4nsla.<\/p>\n","protected":false},"excerpt":{"rendered":"<p>Ett dj\u00e4rvt halsband med en \u201cn\u00e4stan avkl\u00e4dd\u201d effekt, d\u00e4r kedjan f\u00f6rsiktigt g\u00e5r igenom en glasp\u00e4rla. Ett modernt och sofistikerat smycke som ger varje look en unik och trendig k\u00e4nsla.<\/p>\n","protected":false},"featured_media":4735,"template":"","meta":[],"product_brand":[],"product_cat":[96,236,213],"product_tag":[],"class_list":{"0":"post-4736","1":"product","2":"type-product","3":"status-publish","4":"has-post-thumbnail","6":"product_cat-halsband","7":"product_cat-nude","8":"product_cat-pearl-muse","10":"first","11":"instock","12":"shipping-taxable","13":"purchasable","14":"product-type-variable","15":"has-default-attributes"},"aioseo_notices":[],"_links":{"self":[{"href":"https:\/\/www.zaza-lili.com\/sv\/wp-json\/wp\/v2\/product\/4736","targetHints":{"allow":["GET"]}}],"collection":[{"href":"https:\/\/www.zaza-lili.com\/sv\/wp-json\/wp\/v2\/product"}],"about":[{"href":"https:\/\/www.zaza-lili.com\/sv\/wp-json\/wp\/v2\/types\/product"}],"version-history":[{"count":0,"href":"https:\/\/www.zaza-lili.com\/sv\/wp-json\/wp\/v2\/product\/4736\/revisions"}],"wp:featuredmedia":[{"embeddable":true,"href":"https:\/\/www.zaza-lili.com\/sv\/wp-json\/wp\/v2\/media\/4735"}],"wp:attachment":[{"href":"https:\/\/www.zaza-lili.com\/sv\/wp-json\/wp\/v2\/media?parent=4736"}],"wp:term":[{"taxonomy":"product_brand","embeddable":true,"href":"https:\/\/www.zaza-lili.com\/sv\/wp-json\/wp\/v2\/product_brand?post=4736"},{"taxonomy":"product_cat","embeddable":true,"href":"https:\/\/www.zaza-lili.com\/sv\/wp-json\/wp\/v2\/product_cat?post=4736"},{"taxonomy":"product_tag","embeddable":true,"href":"https:\/\/www.zaza-lili.com\/sv\/wp-json\/wp\/v2\/product_tag?post=4736"}],"curies":[{"name":"wp","href":"https:\/\/api.w.org\/{rel}","templated":true}]}}