{"id":4704,"date":"2025-12-17T14:29:16","date_gmt":"2025-12-17T14:29:16","guid":{"rendered":"https:\/\/www.refonte.zaza-lili.com\/produit\/nude-armband\/"},"modified":"2026-03-09T14:39:54","modified_gmt":"2026-03-09T14:39:54","slug":"nude-armband","status":"publish","type":"product","link":"https:\/\/www.zaza-lili.com\/sv\/produkt\/nude-armband\/","title":{"rendered":"Nude <br>Armband"},"content":{"rendered":"<p>Ett fint armband gjort av vaxad bomullstr\u00e5d och prytt med en glasp\u00e4rla. S\u00e5 elegant och ren, fungerar detta smycke som en liten lyckobringare och passar perfekt till alla outfits, med en feminin och sofistikerad k\u00e4nsla.<\/p>\n","protected":false},"excerpt":{"rendered":"<p>Ett fint armband gjort av vaxad bomullstr\u00e5d och prytt med en glasp\u00e4rla. S\u00e5 elegant och ren, fungerar detta smycke som en liten lyckobringare och passar perfekt till alla outfits, med en feminin och sofistikerad k\u00e4nsla.<\/p>\n","protected":false},"featured_media":12515,"template":"","meta":[],"product_brand":[],"product_cat":[55,236,213],"product_tag":[],"class_list":{"0":"post-4704","1":"product","2":"type-product","3":"status-publish","4":"has-post-thumbnail","6":"product_cat-armband","7":"product_cat-nude","8":"product_cat-pearl-muse","10":"first","11":"instock","12":"shipping-taxable","13":"purchasable","14":"product-type-variable","15":"has-default-attributes"},"aioseo_notices":[],"_links":{"self":[{"href":"https:\/\/www.zaza-lili.com\/sv\/wp-json\/wp\/v2\/product\/4704","targetHints":{"allow":["GET"]}}],"collection":[{"href":"https:\/\/www.zaza-lili.com\/sv\/wp-json\/wp\/v2\/product"}],"about":[{"href":"https:\/\/www.zaza-lili.com\/sv\/wp-json\/wp\/v2\/types\/product"}],"version-history":[{"count":0,"href":"https:\/\/www.zaza-lili.com\/sv\/wp-json\/wp\/v2\/product\/4704\/revisions"}],"wp:featuredmedia":[{"embeddable":true,"href":"https:\/\/www.zaza-lili.com\/sv\/wp-json\/wp\/v2\/media\/12515"}],"wp:attachment":[{"href":"https:\/\/www.zaza-lili.com\/sv\/wp-json\/wp\/v2\/media?parent=4704"}],"wp:term":[{"taxonomy":"product_brand","embeddable":true,"href":"https:\/\/www.zaza-lili.com\/sv\/wp-json\/wp\/v2\/product_brand?post=4704"},{"taxonomy":"product_cat","embeddable":true,"href":"https:\/\/www.zaza-lili.com\/sv\/wp-json\/wp\/v2\/product_cat?post=4704"},{"taxonomy":"product_tag","embeddable":true,"href":"https:\/\/www.zaza-lili.com\/sv\/wp-json\/wp\/v2\/product_tag?post=4704"}],"curies":[{"name":"wp","href":"https:\/\/api.w.org\/{rel}","templated":true}]}}