{"id":4684,"date":"2025-12-17T10:19:39","date_gmt":"2025-12-17T10:19:39","guid":{"rendered":"https:\/\/www.refonte.zaza-lili.com\/produit\/essential-halsband\/"},"modified":"2026-02-07T16:38:40","modified_gmt":"2026-02-07T16:38:40","slug":"essential-halsband","status":"publish","type":"product","link":"https:\/\/www.zaza-lili.com\/sv\/produkt\/essential-halsband\/","title":{"rendered":"Essential <br>Halsband"},"content":{"rendered":"<p>Ett lekfullt och feminint halsband med h\u00e4ngande glasp\u00e4rlor p\u00e5 en tunn kedja. Den delikata designen ger lyster och charm till dina outfits och en subtil, elegant k\u00e4nsla f\u00f6r vardagen.<\/p>\n","protected":false},"excerpt":{"rendered":"<p>Ett lekfullt och feminint halsband med h\u00e4ngande glasp\u00e4rlor p\u00e5 en tunn kedja. Den delikata designen ger lyster och charm till dina outfits och en subtil, elegant k\u00e4nsla f\u00f6r vardagen.<\/p>\n","protected":false},"featured_media":4683,"template":"","meta":[],"product_brand":[],"product_cat":[233,96,213],"product_tag":[],"class_list":{"0":"post-4684","1":"product","2":"type-product","3":"status-publish","4":"has-post-thumbnail","6":"product_cat-essential","7":"product_cat-halsband","8":"product_cat-pearl-muse","10":"first","11":"instock","12":"shipping-taxable","13":"purchasable","14":"product-type-variable","15":"has-default-attributes"},"aioseo_notices":[],"_links":{"self":[{"href":"https:\/\/www.zaza-lili.com\/sv\/wp-json\/wp\/v2\/product\/4684","targetHints":{"allow":["GET"]}}],"collection":[{"href":"https:\/\/www.zaza-lili.com\/sv\/wp-json\/wp\/v2\/product"}],"about":[{"href":"https:\/\/www.zaza-lili.com\/sv\/wp-json\/wp\/v2\/types\/product"}],"version-history":[{"count":0,"href":"https:\/\/www.zaza-lili.com\/sv\/wp-json\/wp\/v2\/product\/4684\/revisions"}],"wp:featuredmedia":[{"embeddable":true,"href":"https:\/\/www.zaza-lili.com\/sv\/wp-json\/wp\/v2\/media\/4683"}],"wp:attachment":[{"href":"https:\/\/www.zaza-lili.com\/sv\/wp-json\/wp\/v2\/media?parent=4684"}],"wp:term":[{"taxonomy":"product_brand","embeddable":true,"href":"https:\/\/www.zaza-lili.com\/sv\/wp-json\/wp\/v2\/product_brand?post=4684"},{"taxonomy":"product_cat","embeddable":true,"href":"https:\/\/www.zaza-lili.com\/sv\/wp-json\/wp\/v2\/product_cat?post=4684"},{"taxonomy":"product_tag","embeddable":true,"href":"https:\/\/www.zaza-lili.com\/sv\/wp-json\/wp\/v2\/product_tag?post=4684"}],"curies":[{"name":"wp","href":"https:\/\/api.w.org\/{rel}","templated":true}]}}