{"id":4662,"date":"2025-12-16T17:03:43","date_gmt":"2025-12-16T17:03:43","guid":{"rendered":"https:\/\/www.refonte.zaza-lili.com\/produit\/essential-armband\/"},"modified":"2026-02-07T16:38:40","modified_gmt":"2026-02-07T16:38:40","slug":"essential-armband","status":"publish","type":"product","link":"https:\/\/www.zaza-lili.com\/sv\/produkt\/essential-armband\/","title":{"rendered":"Essential <br>Armband"},"content":{"rendered":"<p>Ett lekfullt och feminint armband med h\u00e4ngande glasp\u00e4rlor p\u00e5 en tunn kedja. Den delikata designen ger lyster och charm till dina outfits och en subtil, elegant k\u00e4nsla f\u00f6r vardagen.<\/p>\n","protected":false},"excerpt":{"rendered":"<p>Ett lekfullt och feminint armband med h\u00e4ngande glasp\u00e4rlor p\u00e5 en tunn kedja. Den delikata designen ger lyster och charm till dina outfits och en subtil, elegant k\u00e4nsla f\u00f6r vardagen.<\/p>\n","protected":false},"featured_media":4661,"template":"","meta":[],"product_brand":[],"product_cat":[55,233,213],"product_tag":[],"class_list":{"0":"post-4662","1":"product","2":"type-product","3":"status-publish","4":"has-post-thumbnail","6":"product_cat-armband","7":"product_cat-essential","8":"product_cat-pearl-muse","10":"first","11":"instock","12":"shipping-taxable","13":"purchasable","14":"product-type-variable","15":"has-default-attributes"},"aioseo_notices":[],"_links":{"self":[{"href":"https:\/\/www.zaza-lili.com\/sv\/wp-json\/wp\/v2\/product\/4662","targetHints":{"allow":["GET"]}}],"collection":[{"href":"https:\/\/www.zaza-lili.com\/sv\/wp-json\/wp\/v2\/product"}],"about":[{"href":"https:\/\/www.zaza-lili.com\/sv\/wp-json\/wp\/v2\/types\/product"}],"version-history":[{"count":0,"href":"https:\/\/www.zaza-lili.com\/sv\/wp-json\/wp\/v2\/product\/4662\/revisions"}],"wp:featuredmedia":[{"embeddable":true,"href":"https:\/\/www.zaza-lili.com\/sv\/wp-json\/wp\/v2\/media\/4661"}],"wp:attachment":[{"href":"https:\/\/www.zaza-lili.com\/sv\/wp-json\/wp\/v2\/media?parent=4662"}],"wp:term":[{"taxonomy":"product_brand","embeddable":true,"href":"https:\/\/www.zaza-lili.com\/sv\/wp-json\/wp\/v2\/product_brand?post=4662"},{"taxonomy":"product_cat","embeddable":true,"href":"https:\/\/www.zaza-lili.com\/sv\/wp-json\/wp\/v2\/product_cat?post=4662"},{"taxonomy":"product_tag","embeddable":true,"href":"https:\/\/www.zaza-lili.com\/sv\/wp-json\/wp\/v2\/product_tag?post=4662"}],"curies":[{"name":"wp","href":"https:\/\/api.w.org\/{rel}","templated":true}]}}