{"id":4614,"date":"2025-12-16T16:10:31","date_gmt":"2025-12-16T16:10:31","guid":{"rendered":"https:\/\/www.refonte.zaza-lili.com\/produit\/essential-large-orhangen\/"},"modified":"2026-02-07T16:38:40","modified_gmt":"2026-02-07T16:38:40","slug":"essential-large-orhangen","status":"publish","type":"product","link":"https:\/\/www.zaza-lili.com\/sv\/produkt\/essential-large-orhangen\/","title":{"rendered":"Essential Large <br> \u00d6rh\u00e4ngen"},"content":{"rendered":"<p>Eleganta \u00f6rh\u00e4ngen f\u00f6rh\u00f6jda med en glasp\u00e4rla. Den raffinerade designen ger en klassisk och feminin touch, perfekt f\u00f6r att lysa upp alla outfits, b\u00e5de vardag och fest.<\/p>\n","protected":false},"excerpt":{"rendered":"<p>Eleganta \u00f6rh\u00e4ngen f\u00f6rh\u00f6jda med en glasp\u00e4rla. Den raffinerade designen ger en klassisk och feminin touch, perfekt f\u00f6r att lysa upp alla outfits, b\u00e5de vardag och fest.<\/p>\n","protected":false},"featured_media":4613,"template":"","meta":[],"product_brand":[],"product_cat":[233,53,213],"product_tag":[],"class_list":{"0":"post-4614","1":"product","2":"type-product","3":"status-publish","4":"has-post-thumbnail","6":"product_cat-essential","7":"product_cat-orhangen","8":"product_cat-pearl-muse","10":"first","11":"instock","12":"shipping-taxable","13":"purchasable","14":"product-type-variable","15":"has-default-attributes"},"aioseo_notices":[],"_links":{"self":[{"href":"https:\/\/www.zaza-lili.com\/sv\/wp-json\/wp\/v2\/product\/4614","targetHints":{"allow":["GET"]}}],"collection":[{"href":"https:\/\/www.zaza-lili.com\/sv\/wp-json\/wp\/v2\/product"}],"about":[{"href":"https:\/\/www.zaza-lili.com\/sv\/wp-json\/wp\/v2\/types\/product"}],"version-history":[{"count":0,"href":"https:\/\/www.zaza-lili.com\/sv\/wp-json\/wp\/v2\/product\/4614\/revisions"}],"wp:featuredmedia":[{"embeddable":true,"href":"https:\/\/www.zaza-lili.com\/sv\/wp-json\/wp\/v2\/media\/4613"}],"wp:attachment":[{"href":"https:\/\/www.zaza-lili.com\/sv\/wp-json\/wp\/v2\/media?parent=4614"}],"wp:term":[{"taxonomy":"product_brand","embeddable":true,"href":"https:\/\/www.zaza-lili.com\/sv\/wp-json\/wp\/v2\/product_brand?post=4614"},{"taxonomy":"product_cat","embeddable":true,"href":"https:\/\/www.zaza-lili.com\/sv\/wp-json\/wp\/v2\/product_cat?post=4614"},{"taxonomy":"product_tag","embeddable":true,"href":"https:\/\/www.zaza-lili.com\/sv\/wp-json\/wp\/v2\/product_tag?post=4614"}],"curies":[{"name":"wp","href":"https:\/\/api.w.org\/{rel}","templated":true}]}}