{"id":4597,"date":"2025-12-16T15:50:27","date_gmt":"2025-12-16T15:50:27","guid":{"rendered":"https:\/\/www.refonte.zaza-lili.com\/produit\/4597\/"},"modified":"2026-02-07T16:38:40","modified_gmt":"2026-02-07T16:38:40","slug":"4597","status":"publish","type":"product","link":"https:\/\/www.zaza-lili.com\/sv\/produkt\/4597\/","title":{"rendered":""},"content":{"rendered":"<p>Stift\u00f6rh\u00e4ngen med en 10 mm glasp\u00e4rla som matchar alla v\u00e5ra p\u00e4rlsmycken. Stift tillverkat av silver. Nickel-, bly- och kadmiumfritt.<\/p>\n<p>Finns i 2 olika utf\u00f6randen.<\/p>\n","protected":false},"excerpt":{"rendered":"<p>Stift\u00f6rh\u00e4ngen med en 10 mm glasp\u00e4rla som matchar alla v\u00e5ra p\u00e4rlsmycken. Stift tillverkat av silver. Nickel-, bly- och kadmiumfritt. Finns i 2 olika utf\u00f6randen.<\/p>\n","protected":false},"featured_media":4596,"template":"","meta":[],"product_brand":[],"product_cat":[50],"product_tag":[],"class_list":{"0":"post-4597","1":"product","2":"type-product","3":"status-publish","4":"has-post-thumbnail","6":"product_cat-non-categorise","8":"first","9":"instock","10":"shipping-taxable","11":"purchasable","12":"product-type-variable","13":"has-default-attributes"},"aioseo_notices":[],"_links":{"self":[{"href":"https:\/\/www.zaza-lili.com\/sv\/wp-json\/wp\/v2\/product\/4597","targetHints":{"allow":["GET"]}}],"collection":[{"href":"https:\/\/www.zaza-lili.com\/sv\/wp-json\/wp\/v2\/product"}],"about":[{"href":"https:\/\/www.zaza-lili.com\/sv\/wp-json\/wp\/v2\/types\/product"}],"version-history":[{"count":0,"href":"https:\/\/www.zaza-lili.com\/sv\/wp-json\/wp\/v2\/product\/4597\/revisions"}],"wp:featuredmedia":[{"embeddable":true,"href":"https:\/\/www.zaza-lili.com\/sv\/wp-json\/wp\/v2\/media\/4596"}],"wp:attachment":[{"href":"https:\/\/www.zaza-lili.com\/sv\/wp-json\/wp\/v2\/media?parent=4597"}],"wp:term":[{"taxonomy":"product_brand","embeddable":true,"href":"https:\/\/www.zaza-lili.com\/sv\/wp-json\/wp\/v2\/product_brand?post=4597"},{"taxonomy":"product_cat","embeddable":true,"href":"https:\/\/www.zaza-lili.com\/sv\/wp-json\/wp\/v2\/product_cat?post=4597"},{"taxonomy":"product_tag","embeddable":true,"href":"https:\/\/www.zaza-lili.com\/sv\/wp-json\/wp\/v2\/product_tag?post=4597"}],"curies":[{"name":"wp","href":"https:\/\/api.w.org\/{rel}","templated":true}]}}