{"id":4560,"date":"2025-12-15T14:27:49","date_gmt":"2025-12-15T14:27:49","guid":{"rendered":"https:\/\/www.refonte.zaza-lili.com\/produit\/essence-pendant\/"},"modified":"2026-02-07T16:38:41","modified_gmt":"2026-02-07T16:38:41","slug":"essence-pendant","status":"publish","type":"product","link":"https:\/\/www.zaza-lili.com\/sv\/produkt\/essence-pendant\/","title":{"rendered":"Essence<br> H\u00e4nge"},"content":{"rendered":"<p>Ett lekfullt och feminint h\u00e4nge, f\u00f6rh\u00f6jt med glasp\u00e4rlor p\u00e5 en tunn kedja. Den raffinerade designen ger lyster och subtilitet till alla outfits, b\u00e5de vardag och fest.<\/p>\n","protected":false},"excerpt":{"rendered":"<p>Ett lekfullt och feminint h\u00e4nge, f\u00f6rh\u00f6jt med glasp\u00e4rlor p\u00e5 en tunn kedja. Den raffinerade designen ger lyster och subtilitet till alla outfits, b\u00e5de vardag och fest.<\/p>\n","protected":false},"featured_media":4559,"template":"","meta":[],"product_brand":[],"product_cat":[230,96,99,213],"product_tag":[],"class_list":{"0":"post-4560","1":"product","2":"type-product","3":"status-publish","4":"has-post-thumbnail","6":"product_cat-essence","7":"product_cat-halsband","8":"product_cat-sortiment-inflight","9":"product_cat-pearl-muse","11":"first","12":"instock","13":"shipping-taxable","14":"purchasable","15":"product-type-variable","16":"has-default-attributes"},"aioseo_notices":[],"_links":{"self":[{"href":"https:\/\/www.zaza-lili.com\/sv\/wp-json\/wp\/v2\/product\/4560","targetHints":{"allow":["GET"]}}],"collection":[{"href":"https:\/\/www.zaza-lili.com\/sv\/wp-json\/wp\/v2\/product"}],"about":[{"href":"https:\/\/www.zaza-lili.com\/sv\/wp-json\/wp\/v2\/types\/product"}],"version-history":[{"count":0,"href":"https:\/\/www.zaza-lili.com\/sv\/wp-json\/wp\/v2\/product\/4560\/revisions"}],"wp:featuredmedia":[{"embeddable":true,"href":"https:\/\/www.zaza-lili.com\/sv\/wp-json\/wp\/v2\/media\/4559"}],"wp:attachment":[{"href":"https:\/\/www.zaza-lili.com\/sv\/wp-json\/wp\/v2\/media?parent=4560"}],"wp:term":[{"taxonomy":"product_brand","embeddable":true,"href":"https:\/\/www.zaza-lili.com\/sv\/wp-json\/wp\/v2\/product_brand?post=4560"},{"taxonomy":"product_cat","embeddable":true,"href":"https:\/\/www.zaza-lili.com\/sv\/wp-json\/wp\/v2\/product_cat?post=4560"},{"taxonomy":"product_tag","embeddable":true,"href":"https:\/\/www.zaza-lili.com\/sv\/wp-json\/wp\/v2\/product_tag?post=4560"}],"curies":[{"name":"wp","href":"https:\/\/api.w.org\/{rel}","templated":true}]}}