{"id":4484,"date":"2025-12-12T15:02:28","date_gmt":"2025-12-12T15:02:28","guid":{"rendered":"https:\/\/www.refonte.zaza-lili.com\/produit\/enigma-halsband\/"},"modified":"2026-02-07T16:38:41","modified_gmt":"2026-02-07T16:38:41","slug":"enigma-halsband","status":"publish","type":"product","link":"https:\/\/www.zaza-lili.com\/sv\/produkt\/enigma-halsband\/","title":{"rendered":"Enigma <br> Halsband"},"content":{"rendered":"<p>Rund och vibrerande som m\u00e5nen, detta h\u00e4nge f\u00f6rh\u00f6js med en syntetisk opal med iriserande skiftningar. Elegant och delikat, detta halsband ger en sofistikerad och feminin k\u00e4nsla till varje outfit, b\u00e5de vardag och fest.<\/p>\n","protected":false},"excerpt":{"rendered":"<p>Rund och vibrerande som m\u00e5nen, detta h\u00e4nge f\u00f6rh\u00f6js med en syntetisk opal med iriserande skiftningar. Elegant och delikat, detta halsband ger en sofistikerad och feminin k\u00e4nsla till varje outfit, b\u00e5de vardag och fest.<\/p>\n","protected":false},"featured_media":4483,"template":"","meta":[],"product_brand":[],"product_cat":[227,96,213],"product_tag":[],"class_list":{"0":"post-4484","1":"product","2":"type-product","3":"status-publish","4":"has-post-thumbnail","6":"product_cat-enigma","7":"product_cat-halsband","8":"product_cat-pearl-muse","10":"first","11":"instock","12":"shipping-taxable","13":"purchasable","14":"product-type-variable","15":"has-default-attributes"},"aioseo_notices":[],"_links":{"self":[{"href":"https:\/\/www.zaza-lili.com\/sv\/wp-json\/wp\/v2\/product\/4484","targetHints":{"allow":["GET"]}}],"collection":[{"href":"https:\/\/www.zaza-lili.com\/sv\/wp-json\/wp\/v2\/product"}],"about":[{"href":"https:\/\/www.zaza-lili.com\/sv\/wp-json\/wp\/v2\/types\/product"}],"version-history":[{"count":0,"href":"https:\/\/www.zaza-lili.com\/sv\/wp-json\/wp\/v2\/product\/4484\/revisions"}],"wp:featuredmedia":[{"embeddable":true,"href":"https:\/\/www.zaza-lili.com\/sv\/wp-json\/wp\/v2\/media\/4483"}],"wp:attachment":[{"href":"https:\/\/www.zaza-lili.com\/sv\/wp-json\/wp\/v2\/media?parent=4484"}],"wp:term":[{"taxonomy":"product_brand","embeddable":true,"href":"https:\/\/www.zaza-lili.com\/sv\/wp-json\/wp\/v2\/product_brand?post=4484"},{"taxonomy":"product_cat","embeddable":true,"href":"https:\/\/www.zaza-lili.com\/sv\/wp-json\/wp\/v2\/product_cat?post=4484"},{"taxonomy":"product_tag","embeddable":true,"href":"https:\/\/www.zaza-lili.com\/sv\/wp-json\/wp\/v2\/product_tag?post=4484"}],"curies":[{"name":"wp","href":"https:\/\/api.w.org\/{rel}","templated":true}]}}