{"id":4468,"date":"2025-12-12T14:50:52","date_gmt":"2025-12-12T14:50:52","guid":{"rendered":"https:\/\/www.refonte.zaza-lili.com\/produit\/enigma-moon-orhangen\/"},"modified":"2026-02-07T16:38:41","modified_gmt":"2026-02-07T16:38:41","slug":"enigma-moon-orhangen","status":"publish","type":"product","link":"https:\/\/www.zaza-lili.com\/sv\/produkt\/enigma-moon-orhangen\/","title":{"rendered":"Enigma Moon <br> \u00d6rh\u00e4ngen"},"content":{"rendered":"<p>Runda och vibrerande som m\u00e5nen, dessa \u00f6rh\u00e4ngen f\u00f6rh\u00f6js med en syntetisk opal med iriserande skiftningar. Eleganta och delikata, de ger en ljus och sofistikerad touch till alla outfits.<\/p>\n","protected":false},"excerpt":{"rendered":"<p>Runda och vibrerande som m\u00e5nen, dessa \u00f6rh\u00e4ngen f\u00f6rh\u00f6js med en syntetisk opal med iriserande skiftningar. Eleganta och delikata, de ger en ljus och sofistikerad touch till alla outfits.<\/p>\n","protected":false},"featured_media":4471,"template":"","meta":[],"product_brand":[],"product_cat":[227,53,213],"product_tag":[],"class_list":{"0":"post-4468","1":"product","2":"type-product","3":"status-publish","4":"has-post-thumbnail","6":"product_cat-enigma","7":"product_cat-orhangen","8":"product_cat-pearl-muse","10":"first","11":"instock","12":"shipping-taxable","13":"purchasable","14":"product-type-variable","15":"has-default-attributes"},"aioseo_notices":[],"_links":{"self":[{"href":"https:\/\/www.zaza-lili.com\/sv\/wp-json\/wp\/v2\/product\/4468","targetHints":{"allow":["GET"]}}],"collection":[{"href":"https:\/\/www.zaza-lili.com\/sv\/wp-json\/wp\/v2\/product"}],"about":[{"href":"https:\/\/www.zaza-lili.com\/sv\/wp-json\/wp\/v2\/types\/product"}],"version-history":[{"count":0,"href":"https:\/\/www.zaza-lili.com\/sv\/wp-json\/wp\/v2\/product\/4468\/revisions"}],"wp:featuredmedia":[{"embeddable":true,"href":"https:\/\/www.zaza-lili.com\/sv\/wp-json\/wp\/v2\/media\/4471"}],"wp:attachment":[{"href":"https:\/\/www.zaza-lili.com\/sv\/wp-json\/wp\/v2\/media?parent=4468"}],"wp:term":[{"taxonomy":"product_brand","embeddable":true,"href":"https:\/\/www.zaza-lili.com\/sv\/wp-json\/wp\/v2\/product_brand?post=4468"},{"taxonomy":"product_cat","embeddable":true,"href":"https:\/\/www.zaza-lili.com\/sv\/wp-json\/wp\/v2\/product_cat?post=4468"},{"taxonomy":"product_tag","embeddable":true,"href":"https:\/\/www.zaza-lili.com\/sv\/wp-json\/wp\/v2\/product_tag?post=4468"}],"curies":[{"name":"wp","href":"https:\/\/api.w.org\/{rel}","templated":true}]}}