{"id":4453,"date":"2025-12-12T14:34:31","date_gmt":"2025-12-12T14:34:31","guid":{"rendered":"https:\/\/www.refonte.zaza-lili.com\/produit\/enigma-orhangen\/"},"modified":"2026-02-07T16:38:41","modified_gmt":"2026-02-07T16:38:41","slug":"enigma-orhangen","status":"publish","type":"product","link":"https:\/\/www.zaza-lili.com\/sv\/produkt\/enigma-orhangen\/","title":{"rendered":"Enigma<br> \u00d6rh\u00e4ngen"},"content":{"rendered":"<p>Fina \u00f6rh\u00e4ngen f\u00f6rh\u00f6jda med en syntetisk opal som visar iriserande och mystiska skiftningar. Den fina infattningen framh\u00e4ver stenen och ger en modern och elegant k\u00e4nsla, perfekt f\u00f6r att subtilt lysa upp varje outfit.<\/p>\n","protected":false},"excerpt":{"rendered":"<p>Stift\u00f6rh\u00e4ngen prydda med en 4 mm syntetisk opal, som matchar alla smycken i v\u00e5ra Enigma-, Charisma- och Dignity-serier. Stift i titan. Fri fr\u00e5n nickel, bly och kadmium.<\/p>\n<p>Finns i 2 olika versioner.<\/p>\n","protected":false},"featured_media":4452,"template":"","meta":[],"product_brand":[],"product_cat":[227,53,213],"product_tag":[],"class_list":{"0":"post-4453","1":"product","2":"type-product","3":"status-publish","4":"has-post-thumbnail","6":"product_cat-enigma","7":"product_cat-orhangen","8":"product_cat-pearl-muse","10":"first","11":"instock","12":"shipping-taxable","13":"purchasable","14":"product-type-variable"},"aioseo_notices":[],"_links":{"self":[{"href":"https:\/\/www.zaza-lili.com\/sv\/wp-json\/wp\/v2\/product\/4453","targetHints":{"allow":["GET"]}}],"collection":[{"href":"https:\/\/www.zaza-lili.com\/sv\/wp-json\/wp\/v2\/product"}],"about":[{"href":"https:\/\/www.zaza-lili.com\/sv\/wp-json\/wp\/v2\/types\/product"}],"version-history":[{"count":0,"href":"https:\/\/www.zaza-lili.com\/sv\/wp-json\/wp\/v2\/product\/4453\/revisions"}],"wp:featuredmedia":[{"embeddable":true,"href":"https:\/\/www.zaza-lili.com\/sv\/wp-json\/wp\/v2\/media\/4452"}],"wp:attachment":[{"href":"https:\/\/www.zaza-lili.com\/sv\/wp-json\/wp\/v2\/media?parent=4453"}],"wp:term":[{"taxonomy":"product_brand","embeddable":true,"href":"https:\/\/www.zaza-lili.com\/sv\/wp-json\/wp\/v2\/product_brand?post=4453"},{"taxonomy":"product_cat","embeddable":true,"href":"https:\/\/www.zaza-lili.com\/sv\/wp-json\/wp\/v2\/product_cat?post=4453"},{"taxonomy":"product_tag","embeddable":true,"href":"https:\/\/www.zaza-lili.com\/sv\/wp-json\/wp\/v2\/product_tag?post=4453"}],"curies":[{"name":"wp","href":"https:\/\/api.w.org\/{rel}","templated":true}]}}