{"id":4436,"date":"2025-12-12T14:14:54","date_gmt":"2025-12-12T14:14:54","guid":{"rendered":"https:\/\/www.refonte.zaza-lili.com\/produit\/enigma-ring\/"},"modified":"2026-02-07T16:38:41","modified_gmt":"2026-02-07T16:38:41","slug":"enigma-ring","status":"publish","type":"product","link":"https:\/\/www.zaza-lili.com\/sv\/produkt\/enigma-ring\/","title":{"rendered":"Enigma<br> Ring"},"content":{"rendered":"<p>En elegant och sofistikerad ring, f\u00f6rh\u00f6jd med en originell men klassisk syntetisk opal tillsammans med en liten gnistrande kubisk zirkon. Detta delikata smycke ger lyster och feminin k\u00e4nsla till din stil, samtidigt som det \u00e4r tidl\u00f6st.<\/p>\n","protected":false},"excerpt":{"rendered":"<p>En elegant och sofistikerad ring, f\u00f6rh\u00f6jd med en originell men klassisk syntetisk opal tillsammans med en liten gnistrande kubisk zirkon. Detta delikata smycke ger lyster och feminin k\u00e4nsla till din stil, samtidigt som det \u00e4r tidl\u00f6st.<\/p>\n","protected":false},"featured_media":4435,"template":"","meta":[],"product_brand":[],"product_cat":[227,213,102],"product_tag":[],"class_list":{"0":"post-4436","1":"product","2":"type-product","3":"status-publish","4":"has-post-thumbnail","6":"product_cat-enigma","7":"product_cat-pearl-muse","8":"product_cat-ringar","10":"first","11":"instock","12":"shipping-taxable","13":"purchasable","14":"product-type-variable"},"aioseo_notices":[],"_links":{"self":[{"href":"https:\/\/www.zaza-lili.com\/sv\/wp-json\/wp\/v2\/product\/4436","targetHints":{"allow":["GET"]}}],"collection":[{"href":"https:\/\/www.zaza-lili.com\/sv\/wp-json\/wp\/v2\/product"}],"about":[{"href":"https:\/\/www.zaza-lili.com\/sv\/wp-json\/wp\/v2\/types\/product"}],"version-history":[{"count":0,"href":"https:\/\/www.zaza-lili.com\/sv\/wp-json\/wp\/v2\/product\/4436\/revisions"}],"wp:featuredmedia":[{"embeddable":true,"href":"https:\/\/www.zaza-lili.com\/sv\/wp-json\/wp\/v2\/media\/4435"}],"wp:attachment":[{"href":"https:\/\/www.zaza-lili.com\/sv\/wp-json\/wp\/v2\/media?parent=4436"}],"wp:term":[{"taxonomy":"product_brand","embeddable":true,"href":"https:\/\/www.zaza-lili.com\/sv\/wp-json\/wp\/v2\/product_brand?post=4436"},{"taxonomy":"product_cat","embeddable":true,"href":"https:\/\/www.zaza-lili.com\/sv\/wp-json\/wp\/v2\/product_cat?post=4436"},{"taxonomy":"product_tag","embeddable":true,"href":"https:\/\/www.zaza-lili.com\/sv\/wp-json\/wp\/v2\/product_tag?post=4436"}],"curies":[{"name":"wp","href":"https:\/\/api.w.org\/{rel}","templated":true}]}}