{"id":4401,"date":"2025-12-11T15:31:45","date_gmt":"2025-12-11T15:31:45","guid":{"rendered":"https:\/\/www.refonte.zaza-lili.com\/produit\/elixir-pendant\/"},"modified":"2026-02-07T16:38:41","modified_gmt":"2026-02-07T16:38:41","slug":"elixir-pendant","status":"publish","type":"product","link":"https:\/\/www.zaza-lili.com\/sv\/produkt\/elixir-pendant\/","title":{"rendered":"Elixir<br> H\u00e4nge"},"content":{"rendered":"<p>Ett lekfullt och feminint halsband som kombinerar glasp\u00e4rlor med gnistrande kubiska zirkoner p\u00e5 en tunn kedja. Den raffinerade designen ger varje look lyster och charm, b\u00e5de till vardag och fest.<\/p>\n","protected":false},"excerpt":{"rendered":"<p>Ett lekfullt och feminint halsband som kombinerar glasp\u00e4rlor med gnistrande kubiska zirkoner p\u00e5 en tunn kedja. Den raffinerade designen ger varje look lyster och charm, b\u00e5de till vardag och fest.<\/p>\n","protected":false},"featured_media":4400,"template":"","meta":[],"product_brand":[],"product_cat":[221,96,213],"product_tag":[],"class_list":{"0":"post-4401","1":"product","2":"type-product","3":"status-publish","4":"has-post-thumbnail","6":"product_cat-elixir","7":"product_cat-halsband","8":"product_cat-pearl-muse","10":"first","11":"instock","12":"featured","13":"shipping-taxable","14":"purchasable","15":"product-type-variable","16":"has-default-attributes"},"aioseo_notices":[],"_links":{"self":[{"href":"https:\/\/www.zaza-lili.com\/sv\/wp-json\/wp\/v2\/product\/4401","targetHints":{"allow":["GET"]}}],"collection":[{"href":"https:\/\/www.zaza-lili.com\/sv\/wp-json\/wp\/v2\/product"}],"about":[{"href":"https:\/\/www.zaza-lili.com\/sv\/wp-json\/wp\/v2\/types\/product"}],"version-history":[{"count":0,"href":"https:\/\/www.zaza-lili.com\/sv\/wp-json\/wp\/v2\/product\/4401\/revisions"}],"wp:featuredmedia":[{"embeddable":true,"href":"https:\/\/www.zaza-lili.com\/sv\/wp-json\/wp\/v2\/media\/4400"}],"wp:attachment":[{"href":"https:\/\/www.zaza-lili.com\/sv\/wp-json\/wp\/v2\/media?parent=4401"}],"wp:term":[{"taxonomy":"product_brand","embeddable":true,"href":"https:\/\/www.zaza-lili.com\/sv\/wp-json\/wp\/v2\/product_brand?post=4401"},{"taxonomy":"product_cat","embeddable":true,"href":"https:\/\/www.zaza-lili.com\/sv\/wp-json\/wp\/v2\/product_cat?post=4401"},{"taxonomy":"product_tag","embeddable":true,"href":"https:\/\/www.zaza-lili.com\/sv\/wp-json\/wp\/v2\/product_tag?post=4401"}],"curies":[{"name":"wp","href":"https:\/\/api.w.org\/{rel}","templated":true}]}}