{"id":4384,"date":"2025-12-11T15:16:18","date_gmt":"2025-12-11T15:16:18","guid":{"rendered":"https:\/\/www.refonte.zaza-lili.com\/produit\/elixirarmband\/"},"modified":"2026-02-07T16:38:41","modified_gmt":"2026-02-07T16:38:41","slug":"elixirarmband","status":"publish","type":"product","link":"https:\/\/www.zaza-lili.com\/sv\/produkt\/elixirarmband\/","title":{"rendered":"Elixir<br>Armband"},"content":{"rendered":"<p>Detta fina armband kombinerar en tunn kedja med subtila glasp\u00e4rlor f\u00f6r en frisk och feminin k\u00e4nsla. Den raffinerade designen ger varje look en ljus och elegant touch, b\u00e5de till vardag och fest.<\/p>\n","protected":false},"excerpt":{"rendered":"<p>Detta fina armband kombinerar en tunn kedja med subtila glasp\u00e4rlor f\u00f6r en frisk och feminin k\u00e4nsla. Den raffinerade designen ger varje look en ljus och elegant touch, b\u00e5de till vardag och fest.<\/p>\n","protected":false},"featured_media":4383,"template":"","meta":[],"product_brand":[],"product_cat":[55,221,213],"product_tag":[],"class_list":{"0":"post-4384","1":"product","2":"type-product","3":"status-publish","4":"has-post-thumbnail","6":"product_cat-armband","7":"product_cat-elixir","8":"product_cat-pearl-muse","10":"first","11":"instock","12":"featured","13":"shipping-taxable","14":"purchasable","15":"product-type-variable","16":"has-default-attributes"},"aioseo_notices":[],"_links":{"self":[{"href":"https:\/\/www.zaza-lili.com\/sv\/wp-json\/wp\/v2\/product\/4384","targetHints":{"allow":["GET"]}}],"collection":[{"href":"https:\/\/www.zaza-lili.com\/sv\/wp-json\/wp\/v2\/product"}],"about":[{"href":"https:\/\/www.zaza-lili.com\/sv\/wp-json\/wp\/v2\/types\/product"}],"version-history":[{"count":0,"href":"https:\/\/www.zaza-lili.com\/sv\/wp-json\/wp\/v2\/product\/4384\/revisions"}],"wp:featuredmedia":[{"embeddable":true,"href":"https:\/\/www.zaza-lili.com\/sv\/wp-json\/wp\/v2\/media\/4383"}],"wp:attachment":[{"href":"https:\/\/www.zaza-lili.com\/sv\/wp-json\/wp\/v2\/media?parent=4384"}],"wp:term":[{"taxonomy":"product_brand","embeddable":true,"href":"https:\/\/www.zaza-lili.com\/sv\/wp-json\/wp\/v2\/product_brand?post=4384"},{"taxonomy":"product_cat","embeddable":true,"href":"https:\/\/www.zaza-lili.com\/sv\/wp-json\/wp\/v2\/product_cat?post=4384"},{"taxonomy":"product_tag","embeddable":true,"href":"https:\/\/www.zaza-lili.com\/sv\/wp-json\/wp\/v2\/product_tag?post=4384"}],"curies":[{"name":"wp","href":"https:\/\/api.w.org\/{rel}","templated":true}]}}