{"id":4296,"date":"2025-12-09T14:15:33","date_gmt":"2025-12-09T14:15:33","guid":{"rendered":"https:\/\/www.refonte.zaza-lili.com\/produit\/elixir-ring\/"},"modified":"2026-02-07T16:38:41","modified_gmt":"2026-02-07T16:38:41","slug":"elixir-ring","status":"publish","type":"product","link":"https:\/\/www.zaza-lili.com\/sv\/produkt\/elixir-ring\/","title":{"rendered":"Elixir<br> Ring"},"content":{"rendered":"<p>\u00d6ppen upptill och justerbar, denna ring kombinerar en glasp\u00e4rla med en gnistrande kubisk zirkon, vilket skapar ett elegant och feminint smycke. Elegant och str\u00e5lande, den ger charm och sofistikering till din stil.<\/p>\n","protected":false},"excerpt":{"rendered":"<p>\u00d6ppen upptill och justerbar, denna ring kombinerar en glasp\u00e4rla med en gnistrande kubisk zirkon, vilket skapar ett elegant och feminint smycke. Elegant och str\u00e5lande, den ger charm och sofistikering till din stil.<\/p>\n","protected":false},"featured_media":4295,"template":"","meta":[],"product_brand":[],"product_cat":[221,213,102],"product_tag":[],"class_list":{"0":"post-4296","1":"product","2":"type-product","3":"status-publish","4":"has-post-thumbnail","6":"product_cat-elixir","7":"product_cat-pearl-muse","8":"product_cat-ringar","10":"first","11":"instock","12":"featured","13":"shipping-taxable","14":"purchasable","15":"product-type-variable","16":"has-default-attributes"},"aioseo_notices":[],"_links":{"self":[{"href":"https:\/\/www.zaza-lili.com\/sv\/wp-json\/wp\/v2\/product\/4296","targetHints":{"allow":["GET"]}}],"collection":[{"href":"https:\/\/www.zaza-lili.com\/sv\/wp-json\/wp\/v2\/product"}],"about":[{"href":"https:\/\/www.zaza-lili.com\/sv\/wp-json\/wp\/v2\/types\/product"}],"version-history":[{"count":0,"href":"https:\/\/www.zaza-lili.com\/sv\/wp-json\/wp\/v2\/product\/4296\/revisions"}],"wp:featuredmedia":[{"embeddable":true,"href":"https:\/\/www.zaza-lili.com\/sv\/wp-json\/wp\/v2\/media\/4295"}],"wp:attachment":[{"href":"https:\/\/www.zaza-lili.com\/sv\/wp-json\/wp\/v2\/media?parent=4296"}],"wp:term":[{"taxonomy":"product_brand","embeddable":true,"href":"https:\/\/www.zaza-lili.com\/sv\/wp-json\/wp\/v2\/product_brand?post=4296"},{"taxonomy":"product_cat","embeddable":true,"href":"https:\/\/www.zaza-lili.com\/sv\/wp-json\/wp\/v2\/product_cat?post=4296"},{"taxonomy":"product_tag","embeddable":true,"href":"https:\/\/www.zaza-lili.com\/sv\/wp-json\/wp\/v2\/product_tag?post=4296"}],"curies":[{"name":"wp","href":"https:\/\/api.w.org\/{rel}","templated":true}]}}