{"id":4262,"date":"2025-12-09T11:46:11","date_gmt":"2025-12-09T11:46:11","guid":{"rendered":"https:\/\/www.refonte.zaza-lili.com\/produit\/core-large-hange\/"},"modified":"2026-02-07T16:38:41","modified_gmt":"2026-02-07T16:38:41","slug":"core-large-hange","status":"publish","type":"product","link":"https:\/\/www.zaza-lili.com\/sv\/produkt\/core-large-hange\/","title":{"rendered":"Core Large <br> H\u00e4nge"},"content":{"rendered":"<p>Ett elegant halsband som drar blickarna till sig med sin glasp\u00e4rla p\u00e5 en tunn kedja. Den raffinerade designen ger varje look en ljus och sofistikerad k\u00e4nsla, b\u00e5de till vardag och fest.<\/p>\n","protected":false},"excerpt":{"rendered":"<p>Ett elegant halsband som drar blickarna till sig med sin glasp\u00e4rla p\u00e5 en tunn kedja. Den raffinerade designen ger varje look en ljus och sofistikerad k\u00e4nsla, b\u00e5de till vardag och fest.<\/p>\n","protected":false},"featured_media":4261,"template":"","meta":[],"product_brand":[],"product_cat":[218,96,213],"product_tag":[],"class_list":{"0":"post-4262","1":"product","2":"type-product","3":"status-publish","4":"has-post-thumbnail","6":"product_cat-core","7":"product_cat-halsband","8":"product_cat-pearl-muse","10":"first","11":"instock","12":"featured","13":"shipping-taxable","14":"purchasable","15":"product-type-variable","16":"has-default-attributes"},"aioseo_notices":[],"_links":{"self":[{"href":"https:\/\/www.zaza-lili.com\/sv\/wp-json\/wp\/v2\/product\/4262","targetHints":{"allow":["GET"]}}],"collection":[{"href":"https:\/\/www.zaza-lili.com\/sv\/wp-json\/wp\/v2\/product"}],"about":[{"href":"https:\/\/www.zaza-lili.com\/sv\/wp-json\/wp\/v2\/types\/product"}],"version-history":[{"count":0,"href":"https:\/\/www.zaza-lili.com\/sv\/wp-json\/wp\/v2\/product\/4262\/revisions"}],"wp:featuredmedia":[{"embeddable":true,"href":"https:\/\/www.zaza-lili.com\/sv\/wp-json\/wp\/v2\/media\/4261"}],"wp:attachment":[{"href":"https:\/\/www.zaza-lili.com\/sv\/wp-json\/wp\/v2\/media?parent=4262"}],"wp:term":[{"taxonomy":"product_brand","embeddable":true,"href":"https:\/\/www.zaza-lili.com\/sv\/wp-json\/wp\/v2\/product_brand?post=4262"},{"taxonomy":"product_cat","embeddable":true,"href":"https:\/\/www.zaza-lili.com\/sv\/wp-json\/wp\/v2\/product_cat?post=4262"},{"taxonomy":"product_tag","embeddable":true,"href":"https:\/\/www.zaza-lili.com\/sv\/wp-json\/wp\/v2\/product_tag?post=4262"}],"curies":[{"name":"wp","href":"https:\/\/api.w.org\/{rel}","templated":true}]}}