{"id":4245,"date":"2025-12-09T11:26:07","date_gmt":"2025-12-09T11:26:07","guid":{"rendered":"https:\/\/www.refonte.zaza-lili.com\/produit\/core-mediumhalsband\/"},"modified":"2026-02-07T16:38:41","modified_gmt":"2026-02-07T16:38:41","slug":"core-mediumhalsband","status":"publish","type":"product","link":"https:\/\/www.zaza-lili.com\/sv\/produkt\/core-mediumhalsband\/","title":{"rendered":"Core Medium<br>Halsband"},"content":{"rendered":"<p>Ett klassiskt och elegant halsband med skimrande glasp\u00e4rlor som ger stil och sofistikering. Den tidl\u00f6sa designen f\u00f6rh\u00f6jer varje look och tillf\u00f6r en subtil och feminin k\u00e4nsla.<\/p>\n","protected":false},"excerpt":{"rendered":"<p>Ett klassiskt och elegant halsband med skimrande glasp\u00e4rlor som ger stil och sofistikering. Den tidl\u00f6sa designen f\u00f6rh\u00f6jer varje look och tillf\u00f6r en subtil och feminin k\u00e4nsla.<\/p>\n","protected":false},"featured_media":4243,"template":"","meta":[],"product_brand":[],"product_cat":[218,96,213],"product_tag":[],"class_list":{"0":"post-4245","1":"product","2":"type-product","3":"status-publish","4":"has-post-thumbnail","6":"product_cat-core","7":"product_cat-halsband","8":"product_cat-pearl-muse","10":"first","11":"instock","12":"featured","13":"shipping-taxable","14":"purchasable","15":"product-type-variable","16":"has-default-attributes"},"aioseo_notices":[],"_links":{"self":[{"href":"https:\/\/www.zaza-lili.com\/sv\/wp-json\/wp\/v2\/product\/4245","targetHints":{"allow":["GET"]}}],"collection":[{"href":"https:\/\/www.zaza-lili.com\/sv\/wp-json\/wp\/v2\/product"}],"about":[{"href":"https:\/\/www.zaza-lili.com\/sv\/wp-json\/wp\/v2\/types\/product"}],"version-history":[{"count":0,"href":"https:\/\/www.zaza-lili.com\/sv\/wp-json\/wp\/v2\/product\/4245\/revisions"}],"wp:featuredmedia":[{"embeddable":true,"href":"https:\/\/www.zaza-lili.com\/sv\/wp-json\/wp\/v2\/media\/4243"}],"wp:attachment":[{"href":"https:\/\/www.zaza-lili.com\/sv\/wp-json\/wp\/v2\/media?parent=4245"}],"wp:term":[{"taxonomy":"product_brand","embeddable":true,"href":"https:\/\/www.zaza-lili.com\/sv\/wp-json\/wp\/v2\/product_brand?post=4245"},{"taxonomy":"product_cat","embeddable":true,"href":"https:\/\/www.zaza-lili.com\/sv\/wp-json\/wp\/v2\/product_cat?post=4245"},{"taxonomy":"product_tag","embeddable":true,"href":"https:\/\/www.zaza-lili.com\/sv\/wp-json\/wp\/v2\/product_tag?post=4245"}],"curies":[{"name":"wp","href":"https:\/\/api.w.org\/{rel}","templated":true}]}}