{"id":4212,"date":"2025-12-09T10:48:04","date_gmt":"2025-12-09T10:48:04","guid":{"rendered":"https:\/\/www.refonte.zaza-lili.com\/produit\/core-armband\/"},"modified":"2026-02-07T16:38:41","modified_gmt":"2026-02-07T16:38:41","slug":"core-armband","status":"publish","type":"product","link":"https:\/\/www.zaza-lili.com\/sv\/produkt\/core-armband\/","title":{"rendered":"Core<br> armband"},"content":{"rendered":"<p>Ett armband med en klassisk och tidl\u00f6s stil, perfekt b\u00e5de till vardags och till kv\u00e4llslooker. Den eleganta designen ger en feminin och sofistikerad k\u00e4nsla vid varje tillf\u00e4lle.<\/p>\n","protected":false},"excerpt":{"rendered":"<p>Ett armband med en klassisk och tidl\u00f6s stil, perfekt b\u00e5de till vardags och till kv\u00e4llslooker. Den eleganta designen ger en feminin och sofistikerad k\u00e4nsla vid varje tillf\u00e4lle.<\/p>\n","protected":false},"featured_media":4211,"template":"","meta":[],"product_brand":[],"product_cat":[55,218,213],"product_tag":[],"class_list":{"0":"post-4212","1":"product","2":"type-product","3":"status-publish","4":"has-post-thumbnail","6":"product_cat-armband","7":"product_cat-core","8":"product_cat-pearl-muse","10":"first","11":"instock","12":"featured","13":"shipping-taxable","14":"purchasable","15":"product-type-variable","16":"has-default-attributes"},"aioseo_notices":[],"_links":{"self":[{"href":"https:\/\/www.zaza-lili.com\/sv\/wp-json\/wp\/v2\/product\/4212","targetHints":{"allow":["GET"]}}],"collection":[{"href":"https:\/\/www.zaza-lili.com\/sv\/wp-json\/wp\/v2\/product"}],"about":[{"href":"https:\/\/www.zaza-lili.com\/sv\/wp-json\/wp\/v2\/types\/product"}],"version-history":[{"count":0,"href":"https:\/\/www.zaza-lili.com\/sv\/wp-json\/wp\/v2\/product\/4212\/revisions"}],"wp:featuredmedia":[{"embeddable":true,"href":"https:\/\/www.zaza-lili.com\/sv\/wp-json\/wp\/v2\/media\/4211"}],"wp:attachment":[{"href":"https:\/\/www.zaza-lili.com\/sv\/wp-json\/wp\/v2\/media?parent=4212"}],"wp:term":[{"taxonomy":"product_brand","embeddable":true,"href":"https:\/\/www.zaza-lili.com\/sv\/wp-json\/wp\/v2\/product_brand?post=4212"},{"taxonomy":"product_cat","embeddable":true,"href":"https:\/\/www.zaza-lili.com\/sv\/wp-json\/wp\/v2\/product_cat?post=4212"},{"taxonomy":"product_tag","embeddable":true,"href":"https:\/\/www.zaza-lili.com\/sv\/wp-json\/wp\/v2\/product_tag?post=4212"}],"curies":[{"name":"wp","href":"https:\/\/api.w.org\/{rel}","templated":true}]}}