{"id":4195,"date":"2025-12-09T10:36:56","date_gmt":"2025-12-09T10:36:56","guid":{"rendered":"https:\/\/www.refonte.zaza-lili.com\/produit\/core-orhangen\/"},"modified":"2026-02-07T16:38:41","modified_gmt":"2026-02-07T16:38:41","slug":"core-orhangen","status":"publish","type":"product","link":"https:\/\/www.zaza-lili.com\/sv\/produkt\/core-orhangen\/","title":{"rendered":"Core <br>\u00d6rh\u00e4ngen"},"content":{"rendered":"<p>Eleganta kroko\u0308rh\u00e4ngen prydda med en str\u00e5lande glasp\u00e4rla. Deras tidl\u00f6sa design passar perfekt tillsammans med alla p\u00e4rlsmycken och ger varje look en feminin och sofistikerad k\u00e4nsla.<\/p>\n","protected":false},"excerpt":{"rendered":"<p>Eleganta kroko\u0308rh\u00e4ngen prydda med en str\u00e5lande glasp\u00e4rla. Deras tidl\u00f6sa design passar perfekt tillsammans med alla p\u00e4rlsmycken och ger varje look en feminin och sofistikerad k\u00e4nsla.<\/p>\n","protected":false},"featured_media":4194,"template":"","meta":[],"product_brand":[],"product_cat":[218,53,213],"product_tag":[],"class_list":{"0":"post-4195","1":"product","2":"type-product","3":"status-publish","4":"has-post-thumbnail","6":"product_cat-core","7":"product_cat-orhangen","8":"product_cat-pearl-muse","10":"first","11":"instock","12":"featured","13":"shipping-taxable","14":"purchasable","15":"product-type-variable","16":"has-default-attributes"},"aioseo_notices":[],"_links":{"self":[{"href":"https:\/\/www.zaza-lili.com\/sv\/wp-json\/wp\/v2\/product\/4195","targetHints":{"allow":["GET"]}}],"collection":[{"href":"https:\/\/www.zaza-lili.com\/sv\/wp-json\/wp\/v2\/product"}],"about":[{"href":"https:\/\/www.zaza-lili.com\/sv\/wp-json\/wp\/v2\/types\/product"}],"version-history":[{"count":0,"href":"https:\/\/www.zaza-lili.com\/sv\/wp-json\/wp\/v2\/product\/4195\/revisions"}],"wp:featuredmedia":[{"embeddable":true,"href":"https:\/\/www.zaza-lili.com\/sv\/wp-json\/wp\/v2\/media\/4194"}],"wp:attachment":[{"href":"https:\/\/www.zaza-lili.com\/sv\/wp-json\/wp\/v2\/media?parent=4195"}],"wp:term":[{"taxonomy":"product_brand","embeddable":true,"href":"https:\/\/www.zaza-lili.com\/sv\/wp-json\/wp\/v2\/product_brand?post=4195"},{"taxonomy":"product_cat","embeddable":true,"href":"https:\/\/www.zaza-lili.com\/sv\/wp-json\/wp\/v2\/product_cat?post=4195"},{"taxonomy":"product_tag","embeddable":true,"href":"https:\/\/www.zaza-lili.com\/sv\/wp-json\/wp\/v2\/product_tag?post=4195"}],"curies":[{"name":"wp","href":"https:\/\/api.w.org\/{rel}","templated":true}]}}