{"id":4177,"date":"2025-12-09T10:23:56","date_gmt":"2025-12-09T10:23:56","guid":{"rendered":"https:\/\/www.refonte.zaza-lili.com\/produit\/4177\/"},"modified":"2026-02-07T16:38:41","modified_gmt":"2026-02-07T16:38:41","slug":"core-ring","status":"publish","type":"product","link":"https:\/\/www.zaza-lili.com\/sv\/produkt\/core-ring\/","title":{"rendered":"Core <br> Ring"},"content":{"rendered":"<p>En elegant ring med ett diskret justeringssystem p\u00e5 insidan, utformad f\u00f6r att sitta perfekt p\u00e5 fingret. Den pryds av en fin glasp\u00e4rla som ger en feminin, tidl\u00f6s och str\u00e5lande k\u00e4nsla.<\/p>\n","protected":false},"excerpt":{"rendered":"<p>En elegant ring med ett diskret justeringssystem p\u00e5 insidan, utformad f\u00f6r att sitta perfekt p\u00e5 fingret. Den pryds av en fin glasp\u00e4rla som ger en feminin, tidl\u00f6s och str\u00e5lande k\u00e4nsla.<\/p>\n","protected":false},"featured_media":4176,"template":"","meta":[],"product_brand":[],"product_cat":[218,213,102],"product_tag":[],"class_list":{"0":"post-4177","1":"product","2":"type-product","3":"status-publish","4":"has-post-thumbnail","6":"product_cat-core","7":"product_cat-pearl-muse","8":"product_cat-ringar","10":"first","11":"instock","12":"featured","13":"shipping-taxable","14":"purchasable","15":"product-type-variable","16":"has-default-attributes"},"aioseo_notices":[],"_links":{"self":[{"href":"https:\/\/www.zaza-lili.com\/sv\/wp-json\/wp\/v2\/product\/4177","targetHints":{"allow":["GET"]}}],"collection":[{"href":"https:\/\/www.zaza-lili.com\/sv\/wp-json\/wp\/v2\/product"}],"about":[{"href":"https:\/\/www.zaza-lili.com\/sv\/wp-json\/wp\/v2\/types\/product"}],"version-history":[{"count":0,"href":"https:\/\/www.zaza-lili.com\/sv\/wp-json\/wp\/v2\/product\/4177\/revisions"}],"wp:featuredmedia":[{"embeddable":true,"href":"https:\/\/www.zaza-lili.com\/sv\/wp-json\/wp\/v2\/media\/4176"}],"wp:attachment":[{"href":"https:\/\/www.zaza-lili.com\/sv\/wp-json\/wp\/v2\/media?parent=4177"}],"wp:term":[{"taxonomy":"product_brand","embeddable":true,"href":"https:\/\/www.zaza-lili.com\/sv\/wp-json\/wp\/v2\/product_brand?post=4177"},{"taxonomy":"product_cat","embeddable":true,"href":"https:\/\/www.zaza-lili.com\/sv\/wp-json\/wp\/v2\/product_cat?post=4177"},{"taxonomy":"product_tag","embeddable":true,"href":"https:\/\/www.zaza-lili.com\/sv\/wp-json\/wp\/v2\/product_tag?post=4177"}],"curies":[{"name":"wp","href":"https:\/\/api.w.org\/{rel}","templated":true}]}}