{"id":4127,"date":"2025-12-08T16:56:40","date_gmt":"2025-12-08T16:56:40","guid":{"rendered":"https:\/\/www.refonte.zaza-lili.com\/produit\/charisma-orhangen\/"},"modified":"2026-02-07T16:38:42","modified_gmt":"2026-02-07T16:38:42","slug":"charisma-orhangen","status":"publish","type":"product","link":"https:\/\/www.zaza-lili.com\/sv\/produkt\/charisma-orhangen\/","title":{"rendered":"Charisma <br>\u00d6rh\u00e4ngen"},"content":{"rendered":"<p>Eleganta \u00f6rh\u00e4ngen prydda med en syntetisk opal som skimrar i mystiska, iriserande nyanser. Den fina fattningen framh\u00e4ver stenens lyster och ger en modern, tidl\u00f6s elegans. Perfekta f\u00f6r att ge varje look en subtil glans.<\/p>\n","protected":false},"excerpt":{"rendered":"<p>Eleganta \u00f6rh\u00e4ngen prydda med en syntetisk opal som skimrar i mystiska, iriserande nyanser. Den fina fattningen framh\u00e4ver stenens lyster och ger en modern, tidl\u00f6s elegans. Perfekta f\u00f6r att ge varje look en subtil glans.<\/p>\n","protected":false},"featured_media":5049,"template":"","meta":[],"product_brand":[],"product_cat":[215,53,213],"product_tag":[],"class_list":{"0":"post-4127","1":"product","2":"type-product","3":"status-publish","4":"has-post-thumbnail","6":"product_cat-charisma","7":"product_cat-orhangen","8":"product_cat-pearl-muse","10":"first","11":"instock","12":"featured","13":"shipping-taxable","14":"purchasable","15":"product-type-variable","16":"has-default-attributes"},"aioseo_notices":[],"_links":{"self":[{"href":"https:\/\/www.zaza-lili.com\/sv\/wp-json\/wp\/v2\/product\/4127","targetHints":{"allow":["GET"]}}],"collection":[{"href":"https:\/\/www.zaza-lili.com\/sv\/wp-json\/wp\/v2\/product"}],"about":[{"href":"https:\/\/www.zaza-lili.com\/sv\/wp-json\/wp\/v2\/types\/product"}],"version-history":[{"count":0,"href":"https:\/\/www.zaza-lili.com\/sv\/wp-json\/wp\/v2\/product\/4127\/revisions"}],"wp:featuredmedia":[{"embeddable":true,"href":"https:\/\/www.zaza-lili.com\/sv\/wp-json\/wp\/v2\/media\/5049"}],"wp:attachment":[{"href":"https:\/\/www.zaza-lili.com\/sv\/wp-json\/wp\/v2\/media?parent=4127"}],"wp:term":[{"taxonomy":"product_brand","embeddable":true,"href":"https:\/\/www.zaza-lili.com\/sv\/wp-json\/wp\/v2\/product_brand?post=4127"},{"taxonomy":"product_cat","embeddable":true,"href":"https:\/\/www.zaza-lili.com\/sv\/wp-json\/wp\/v2\/product_cat?post=4127"},{"taxonomy":"product_tag","embeddable":true,"href":"https:\/\/www.zaza-lili.com\/sv\/wp-json\/wp\/v2\/product_tag?post=4127"}],"curies":[{"name":"wp","href":"https:\/\/api.w.org\/{rel}","templated":true}]}}