{"id":4109,"date":"2025-12-08T15:03:06","date_gmt":"2025-12-08T15:03:06","guid":{"rendered":"https:\/\/www.refonte.zaza-lili.com\/?post_type=product&#038;p=4109"},"modified":"2026-02-07T16:38:42","modified_gmt":"2026-02-07T16:38:42","slug":"charisma-ring","status":"publish","type":"product","link":"https:\/\/www.zaza-lili.com\/sv\/produkt\/charisma-ring\/","title":{"rendered":"Charisma <br> Ring"},"content":{"rendered":"<p>Denna ring ser ut som tv\u00e5! F\u00f6rh\u00f6jd av en originell och klassisk syntetisk opal och en liten gnistrande cubic zirconia. Justerbar storlek fr\u00e5n 16 till 19. Nickel-, bly- och kadmiumfri.<\/p>\n<p>Elektronisk bel\u00e4ggning f\u00f6r f\u00f6rstklassig finish och h\u00e5llbarhet.<\/p>\n<p>Finns i 2 olika versioner.<\/p>\n","protected":false},"excerpt":{"rendered":"<p>Denna ring ser ut som tv\u00e5! F\u00f6rh\u00f6jd av en originell och klassisk syntetisk opal och en liten gnistrande cubic zirconia. Justerbar storlek fr\u00e5n 16 till 19. Nickel-, bly- och kadmiumfri. Elektronisk bel\u00e4ggning f\u00f6r f\u00f6rstklassig finish och h\u00e5llbarhet. Finns i 2 olika versioner.<\/p>\n","protected":false},"featured_media":4108,"template":"","meta":[],"product_brand":[],"product_cat":[215,213,102],"product_tag":[],"class_list":{"0":"post-4109","1":"product","2":"type-product","3":"status-publish","4":"has-post-thumbnail","6":"product_cat-charisma","7":"product_cat-pearl-muse","8":"product_cat-ringar","10":"first","11":"instock","12":"featured","13":"shipping-taxable","14":"purchasable","15":"product-type-variable","16":"has-default-attributes"},"aioseo_notices":[],"_links":{"self":[{"href":"https:\/\/www.zaza-lili.com\/sv\/wp-json\/wp\/v2\/product\/4109","targetHints":{"allow":["GET"]}}],"collection":[{"href":"https:\/\/www.zaza-lili.com\/sv\/wp-json\/wp\/v2\/product"}],"about":[{"href":"https:\/\/www.zaza-lili.com\/sv\/wp-json\/wp\/v2\/types\/product"}],"version-history":[{"count":0,"href":"https:\/\/www.zaza-lili.com\/sv\/wp-json\/wp\/v2\/product\/4109\/revisions"}],"wp:featuredmedia":[{"embeddable":true,"href":"https:\/\/www.zaza-lili.com\/sv\/wp-json\/wp\/v2\/media\/4108"}],"wp:attachment":[{"href":"https:\/\/www.zaza-lili.com\/sv\/wp-json\/wp\/v2\/media?parent=4109"}],"wp:term":[{"taxonomy":"product_brand","embeddable":true,"href":"https:\/\/www.zaza-lili.com\/sv\/wp-json\/wp\/v2\/product_brand?post=4109"},{"taxonomy":"product_cat","embeddable":true,"href":"https:\/\/www.zaza-lili.com\/sv\/wp-json\/wp\/v2\/product_cat?post=4109"},{"taxonomy":"product_tag","embeddable":true,"href":"https:\/\/www.zaza-lili.com\/sv\/wp-json\/wp\/v2\/product_tag?post=4109"}],"curies":[{"name":"wp","href":"https:\/\/api.w.org\/{rel}","templated":true}]}}