{"id":4025,"date":"2025-12-04T09:03:22","date_gmt":"2025-12-04T09:03:22","guid":{"rendered":"https:\/\/www.refonte.zaza-lili.com\/produit\/subtle-halsband\/"},"modified":"2026-02-07T16:38:42","modified_gmt":"2026-02-07T16:38:42","slug":"subtle-halsband","status":"publish","type":"product","link":"https:\/\/www.zaza-lili.com\/sv\/produkt\/subtle-halsband\/","title":{"rendered":"Subtle<br> Halsband"},"content":{"rendered":"<p>Subtle-halsbandet kompletterar perfekt din Subtle-armbandskollektion. Prytt med genomskinliga tjeckiska kristaller (eller \u2018black diamond\u2019 beroende p\u00e5 finish), ger det en ljus och raffinerad touch till alla outfits. Finns i rhodiumpl\u00e4tering, guldf\u00f6rgyllt, ros\u00e9guldf\u00f6rgyllt, eller bronspl\u00e4tering i kanonfinish f\u00f6r en mer intensiv look.<\/p>\n","protected":false},"excerpt":{"rendered":"<p>Subtle-halsbandet kompletterar perfekt din Subtle-armbandskollektion. Prytt med genomskinliga tjeckiska kristaller (eller \u2018black diamond\u2019 beroende p\u00e5 finish), ger det en ljus och raffinerad touch till alla outfits. Finns i rhodiumpl\u00e4tering, guldf\u00f6rgyllt, ros\u00e9guldf\u00f6rgyllt, eller bronspl\u00e4tering i kanonfinish f\u00f6r en mer intensiv look.<\/p>\n","protected":false},"featured_media":4020,"template":"","meta":[],"product_brand":[],"product_cat":[96,99,125,190],"product_tag":[],"class_list":{"0":"post-4025","1":"product","2":"type-product","3":"status-publish","4":"has-post-thumbnail","6":"product_cat-halsband","7":"product_cat-sortiment-inflight","8":"product_cat-sparkle-halo","9":"product_cat-subtle","11":"first","12":"instock","13":"featured","14":"shipping-taxable","15":"purchasable","16":"product-type-variable","17":"has-default-attributes"},"aioseo_notices":[],"_links":{"self":[{"href":"https:\/\/www.zaza-lili.com\/sv\/wp-json\/wp\/v2\/product\/4025","targetHints":{"allow":["GET"]}}],"collection":[{"href":"https:\/\/www.zaza-lili.com\/sv\/wp-json\/wp\/v2\/product"}],"about":[{"href":"https:\/\/www.zaza-lili.com\/sv\/wp-json\/wp\/v2\/types\/product"}],"version-history":[{"count":0,"href":"https:\/\/www.zaza-lili.com\/sv\/wp-json\/wp\/v2\/product\/4025\/revisions"}],"wp:featuredmedia":[{"embeddable":true,"href":"https:\/\/www.zaza-lili.com\/sv\/wp-json\/wp\/v2\/media\/4020"}],"wp:attachment":[{"href":"https:\/\/www.zaza-lili.com\/sv\/wp-json\/wp\/v2\/media?parent=4025"}],"wp:term":[{"taxonomy":"product_brand","embeddable":true,"href":"https:\/\/www.zaza-lili.com\/sv\/wp-json\/wp\/v2\/product_brand?post=4025"},{"taxonomy":"product_cat","embeddable":true,"href":"https:\/\/www.zaza-lili.com\/sv\/wp-json\/wp\/v2\/product_cat?post=4025"},{"taxonomy":"product_tag","embeddable":true,"href":"https:\/\/www.zaza-lili.com\/sv\/wp-json\/wp\/v2\/product_tag?post=4025"}],"curies":[{"name":"wp","href":"https:\/\/api.w.org\/{rel}","templated":true}]}}