{"id":3954,"date":"2025-12-04T08:38:56","date_gmt":"2025-12-04T08:38:56","guid":{"rendered":"https:\/\/www.refonte.zaza-lili.com\/produit\/subtle-triple-armband\/"},"modified":"2026-02-07T16:39:01","modified_gmt":"2026-02-07T16:39:01","slug":"subtle-triple-armband","status":"publish","type":"product","link":"https:\/\/www.zaza-lili.com\/sv\/produkt\/subtle-triple-armband\/","title":{"rendered":"Subtle Triple<br \/> Armband"},"content":{"rendered":"<p>Ett mycket graci\u00f6st armband, f\u00f6rh\u00f6jt med genomskinliga tjeckiska kristaller som f\u00e5ngar ljuset elegant. Den subtila och raffinerade designen g\u00f6r det till ett perfekt smycke f\u00f6r att lysa upp alla outfits.<\/p>\n","protected":false},"excerpt":{"rendered":"<p>Ett mycket graci\u00f6st armband, f\u00f6rh\u00f6jt med genomskinliga tjeckiska kristaller som f\u00e5ngar ljuset elegant. Den subtila och raffinerade designen g\u00f6r det till ett perfekt smycke f\u00f6r att lysa upp alla outfits.<\/p>\n","protected":false},"featured_media":3953,"template":"","meta":[],"product_brand":[],"product_cat":[55,125,190],"product_tag":[],"class_list":{"0":"post-3954","1":"product","2":"type-product","3":"status-publish","4":"has-post-thumbnail","6":"product_cat-armband","7":"product_cat-sparkle-halo","8":"product_cat-subtle","10":"first","11":"instock","12":"featured","13":"shipping-taxable","14":"purchasable","15":"product-type-variable","16":"has-default-attributes"},"aioseo_notices":[],"_links":{"self":[{"href":"https:\/\/www.zaza-lili.com\/sv\/wp-json\/wp\/v2\/product\/3954","targetHints":{"allow":["GET"]}}],"collection":[{"href":"https:\/\/www.zaza-lili.com\/sv\/wp-json\/wp\/v2\/product"}],"about":[{"href":"https:\/\/www.zaza-lili.com\/sv\/wp-json\/wp\/v2\/types\/product"}],"version-history":[{"count":0,"href":"https:\/\/www.zaza-lili.com\/sv\/wp-json\/wp\/v2\/product\/3954\/revisions"}],"wp:featuredmedia":[{"embeddable":true,"href":"https:\/\/www.zaza-lili.com\/sv\/wp-json\/wp\/v2\/media\/3953"}],"wp:attachment":[{"href":"https:\/\/www.zaza-lili.com\/sv\/wp-json\/wp\/v2\/media?parent=3954"}],"wp:term":[{"taxonomy":"product_brand","embeddable":true,"href":"https:\/\/www.zaza-lili.com\/sv\/wp-json\/wp\/v2\/product_brand?post=3954"},{"taxonomy":"product_cat","embeddable":true,"href":"https:\/\/www.zaza-lili.com\/sv\/wp-json\/wp\/v2\/product_cat?post=3954"},{"taxonomy":"product_tag","embeddable":true,"href":"https:\/\/www.zaza-lili.com\/sv\/wp-json\/wp\/v2\/product_tag?post=3954"}],"curies":[{"name":"wp","href":"https:\/\/api.w.org\/{rel}","templated":true}]}}