{"id":3921,"date":"2025-12-03T18:44:48","date_gmt":"2025-12-03T18:44:48","guid":{"rendered":"https:\/\/www.refonte.zaza-lili.com\/produit\/subtle-single-armband\/"},"modified":"2026-02-07T16:39:01","modified_gmt":"2026-02-07T16:39:01","slug":"subtle-single-armband","status":"publish","type":"product","link":"https:\/\/www.zaza-lili.com\/sv\/produkt\/subtle-single-armband\/","title":{"rendered":"Subtle<br> Single Armband"},"content":{"rendered":"<p>Flexibelt, minimalt armband f\u00f6rh\u00f6jt med gnistrande tjeckiska kristaller. Perfekt att b\u00e4ra ensam f\u00f6r en sofistikerad stil eller tillsammans med andra armband f\u00f6r en trendig och elegant effekt.<\/p>\n","protected":false},"excerpt":{"rendered":"<p>Flexibelt, minimalt armband f\u00f6rh\u00f6jt med gnistrande tjeckiska kristaller. Perfekt att b\u00e4ra ensam f\u00f6r en sofistikerad stil eller tillsammans med andra armband f\u00f6r en trendig och elegant effekt.<\/p>\n","protected":false},"featured_media":3916,"template":"","meta":[],"product_brand":[],"product_cat":[55,99,125,190],"product_tag":[],"class_list":{"0":"post-3921","1":"product","2":"type-product","3":"status-publish","4":"has-post-thumbnail","6":"product_cat-armband","7":"product_cat-sortiment-inflight","8":"product_cat-sparkle-halo","9":"product_cat-subtle","11":"first","12":"instock","13":"featured","14":"shipping-taxable","15":"purchasable","16":"product-type-variable","17":"has-default-attributes"},"aioseo_notices":[],"_links":{"self":[{"href":"https:\/\/www.zaza-lili.com\/sv\/wp-json\/wp\/v2\/product\/3921","targetHints":{"allow":["GET"]}}],"collection":[{"href":"https:\/\/www.zaza-lili.com\/sv\/wp-json\/wp\/v2\/product"}],"about":[{"href":"https:\/\/www.zaza-lili.com\/sv\/wp-json\/wp\/v2\/types\/product"}],"version-history":[{"count":0,"href":"https:\/\/www.zaza-lili.com\/sv\/wp-json\/wp\/v2\/product\/3921\/revisions"}],"wp:featuredmedia":[{"embeddable":true,"href":"https:\/\/www.zaza-lili.com\/sv\/wp-json\/wp\/v2\/media\/3916"}],"wp:attachment":[{"href":"https:\/\/www.zaza-lili.com\/sv\/wp-json\/wp\/v2\/media?parent=3921"}],"wp:term":[{"taxonomy":"product_brand","embeddable":true,"href":"https:\/\/www.zaza-lili.com\/sv\/wp-json\/wp\/v2\/product_brand?post=3921"},{"taxonomy":"product_cat","embeddable":true,"href":"https:\/\/www.zaza-lili.com\/sv\/wp-json\/wp\/v2\/product_cat?post=3921"},{"taxonomy":"product_tag","embeddable":true,"href":"https:\/\/www.zaza-lili.com\/sv\/wp-json\/wp\/v2\/product_tag?post=3921"}],"curies":[{"name":"wp","href":"https:\/\/api.w.org\/{rel}","templated":true}]}}