{"id":3879,"date":"2025-12-03T17:44:12","date_gmt":"2025-12-03T17:44:12","guid":{"rendered":"https:\/\/www.refonte.zaza-lili.com\/produit\/subtle-multi-orhangen\/"},"modified":"2026-02-07T16:39:01","modified_gmt":"2026-02-07T16:39:01","slug":"subtle-multi-orhangen","status":"publish","type":"product","link":"https:\/\/www.zaza-lili.com\/sv\/produkt\/subtle-multi-orhangen\/","title":{"rendered":"Subtle Multi<br> \u00d6rh\u00e4ngen"},"content":{"rendered":"<p>Stilrena och raffinerade, dessa \u00f6rh\u00e4ngen levereras med ett extra par stift f\u00f6r m\u00e5nga stylingm\u00f6jligheter. Perfekt tillsammans med Subtle-halsbandet och armbanden, och ger en ljus och elegant touch till alla outfits.<\/p>\n","protected":false},"excerpt":{"rendered":"<p>Stilrena och raffinerade, dessa \u00f6rh\u00e4ngen levereras med ett extra par stift f\u00f6r m\u00e5nga stylingm\u00f6jligheter. Perfekt tillsammans med Subtle-halsbandet och armbanden, och ger en ljus och elegant touch till alla outfits.<\/p>\n","protected":false},"featured_media":12555,"template":"","meta":[],"product_brand":[],"product_cat":[99,53,125,190],"product_tag":[],"class_list":{"0":"post-3879","1":"product","2":"type-product","3":"status-publish","4":"has-post-thumbnail","6":"product_cat-sortiment-inflight","7":"product_cat-orhangen","8":"product_cat-sparkle-halo","9":"product_cat-subtle","11":"first","12":"instock","13":"featured","14":"shipping-taxable","15":"purchasable","16":"product-type-variable","17":"has-default-attributes"},"aioseo_notices":[],"_links":{"self":[{"href":"https:\/\/www.zaza-lili.com\/sv\/wp-json\/wp\/v2\/product\/3879","targetHints":{"allow":["GET"]}}],"collection":[{"href":"https:\/\/www.zaza-lili.com\/sv\/wp-json\/wp\/v2\/product"}],"about":[{"href":"https:\/\/www.zaza-lili.com\/sv\/wp-json\/wp\/v2\/types\/product"}],"version-history":[{"count":0,"href":"https:\/\/www.zaza-lili.com\/sv\/wp-json\/wp\/v2\/product\/3879\/revisions"}],"wp:featuredmedia":[{"embeddable":true,"href":"https:\/\/www.zaza-lili.com\/sv\/wp-json\/wp\/v2\/media\/12555"}],"wp:attachment":[{"href":"https:\/\/www.zaza-lili.com\/sv\/wp-json\/wp\/v2\/media?parent=3879"}],"wp:term":[{"taxonomy":"product_brand","embeddable":true,"href":"https:\/\/www.zaza-lili.com\/sv\/wp-json\/wp\/v2\/product_brand?post=3879"},{"taxonomy":"product_cat","embeddable":true,"href":"https:\/\/www.zaza-lili.com\/sv\/wp-json\/wp\/v2\/product_cat?post=3879"},{"taxonomy":"product_tag","embeddable":true,"href":"https:\/\/www.zaza-lili.com\/sv\/wp-json\/wp\/v2\/product_tag?post=3879"}],"curies":[{"name":"wp","href":"https:\/\/api.w.org\/{rel}","templated":true}]}}