{"id":3820,"date":"2025-11-28T15:42:06","date_gmt":"2025-11-28T15:42:06","guid":{"rendered":"https:\/\/www.refonte.zaza-lili.com\/produit\/undula-halsband-2\/"},"modified":"2026-02-07T16:39:01","modified_gmt":"2026-02-07T16:39:01","slug":"undula-halsband-2","status":"publish","type":"product","link":"https:\/\/www.zaza-lili.com\/sv\/produkt\/undula-halsband-2\/","title":{"rendered":"Undula<br> Halsband"},"content":{"rendered":"<p>Rundt h\u00e4nge med flytande, skulpturala linjer p\u00e5 en tunn kedja. Dj\u00e4rvt men l\u00e4tt att b\u00e4ra, tillf\u00f6r subtil elegans och modernitet till varje outfit.<\/p>\n","protected":false},"excerpt":{"rendered":"<p>Rundt h\u00e4nge med flytande, skulpturala linjer p\u00e5 en tunn kedja. Dj\u00e4rvt men l\u00e4tt att b\u00e4ra, tillf\u00f6r subtil elegans och modernitet till varje outfit.<\/p>\n","protected":false},"featured_media":12571,"template":"","meta":[],"product_brand":[],"product_cat":[96,105,65,128],"product_tag":[],"class_list":{"0":"post-3820","1":"product","2":"type-product","3":"status-publish","4":"has-post-thumbnail","6":"product_cat-halsband","7":"product_cat-modern-bohemia","8":"product_cat-nyheter","9":"product_cat-undula","11":"first","12":"instock","13":"featured","14":"shipping-taxable","15":"purchasable","16":"product-type-variable"},"aioseo_notices":[],"_links":{"self":[{"href":"https:\/\/www.zaza-lili.com\/sv\/wp-json\/wp\/v2\/product\/3820","targetHints":{"allow":["GET"]}}],"collection":[{"href":"https:\/\/www.zaza-lili.com\/sv\/wp-json\/wp\/v2\/product"}],"about":[{"href":"https:\/\/www.zaza-lili.com\/sv\/wp-json\/wp\/v2\/types\/product"}],"version-history":[{"count":0,"href":"https:\/\/www.zaza-lili.com\/sv\/wp-json\/wp\/v2\/product\/3820\/revisions"}],"wp:featuredmedia":[{"embeddable":true,"href":"https:\/\/www.zaza-lili.com\/sv\/wp-json\/wp\/v2\/media\/12571"}],"wp:attachment":[{"href":"https:\/\/www.zaza-lili.com\/sv\/wp-json\/wp\/v2\/media?parent=3820"}],"wp:term":[{"taxonomy":"product_brand","embeddable":true,"href":"https:\/\/www.zaza-lili.com\/sv\/wp-json\/wp\/v2\/product_brand?post=3820"},{"taxonomy":"product_cat","embeddable":true,"href":"https:\/\/www.zaza-lili.com\/sv\/wp-json\/wp\/v2\/product_cat?post=3820"},{"taxonomy":"product_tag","embeddable":true,"href":"https:\/\/www.zaza-lili.com\/sv\/wp-json\/wp\/v2\/product_tag?post=3820"}],"curies":[{"name":"wp","href":"https:\/\/api.w.org\/{rel}","templated":true}]}}