{"id":3775,"date":"2025-11-27T10:05:09","date_gmt":"2025-11-27T10:05:09","guid":{"rendered":"https:\/\/www.refonte.zaza-lili.com\/produit\/elegant-halsband\/"},"modified":"2026-02-07T16:39:01","modified_gmt":"2026-02-07T16:39:01","slug":"elegant-halsband","status":"publish","type":"product","link":"https:\/\/www.zaza-lili.com\/sv\/produkt\/elegant-halsband\/","title":{"rendered":"Elegant <br>halsband"},"content":{"rendered":"<p>Ett stilrent runt h\u00e4nge med platt form och diskret gnistrande CZ, f\u00e4st i en fin justerbar kedja. Modernt och elegant, l\u00e4tt att b\u00e4ra fr\u00e5n dag till kv\u00e4ll. H\u00e4ngets storlek: 12 mm. Justerbar l\u00e4ngd: 42\u201351 cm.<\/p>\n<p>Finns i 2 olika utf\u00f6randen<\/p>\n","protected":false},"excerpt":{"rendered":"<p>Ett stilrent runt h\u00e4nge med platt form och diskret gnistrande CZ, f\u00e4st i en fin justerbar kedja. Modernt och elegant, l\u00e4tt att b\u00e4ra fr\u00e5n dag till kv\u00e4ll. H\u00e4ngets storlek: 12 mm. Justerbar l\u00e4ngd: 42\u201351 cm. Finns i 2 olika utf\u00f6randen<\/p>\n","protected":false},"featured_media":3774,"template":"","meta":[],"product_brand":[],"product_cat":[181,96,170],"product_tag":[],"class_list":{"0":"post-3775","1":"product","2":"type-product","3":"status-publish","4":"has-post-thumbnail","6":"product_cat-elegant","7":"product_cat-halsband","8":"product_cat-minimal-shine","10":"first","11":"instock","12":"featured","13":"shipping-taxable","14":"purchasable","15":"product-type-variable"},"aioseo_notices":[],"_links":{"self":[{"href":"https:\/\/www.zaza-lili.com\/sv\/wp-json\/wp\/v2\/product\/3775","targetHints":{"allow":["GET"]}}],"collection":[{"href":"https:\/\/www.zaza-lili.com\/sv\/wp-json\/wp\/v2\/product"}],"about":[{"href":"https:\/\/www.zaza-lili.com\/sv\/wp-json\/wp\/v2\/types\/product"}],"version-history":[{"count":0,"href":"https:\/\/www.zaza-lili.com\/sv\/wp-json\/wp\/v2\/product\/3775\/revisions"}],"wp:featuredmedia":[{"embeddable":true,"href":"https:\/\/www.zaza-lili.com\/sv\/wp-json\/wp\/v2\/media\/3774"}],"wp:attachment":[{"href":"https:\/\/www.zaza-lili.com\/sv\/wp-json\/wp\/v2\/media?parent=3775"}],"wp:term":[{"taxonomy":"product_brand","embeddable":true,"href":"https:\/\/www.zaza-lili.com\/sv\/wp-json\/wp\/v2\/product_brand?post=3775"},{"taxonomy":"product_cat","embeddable":true,"href":"https:\/\/www.zaza-lili.com\/sv\/wp-json\/wp\/v2\/product_cat?post=3775"},{"taxonomy":"product_tag","embeddable":true,"href":"https:\/\/www.zaza-lili.com\/sv\/wp-json\/wp\/v2\/product_tag?post=3775"}],"curies":[{"name":"wp","href":"https:\/\/api.w.org\/{rel}","templated":true}]}}