{"id":3755,"date":"2025-11-26T13:08:53","date_gmt":"2025-11-26T13:08:53","guid":{"rendered":"https:\/\/www.refonte.zaza-lili.com\/produit\/elegant-orhangen\/"},"modified":"2026-02-07T16:39:01","modified_gmt":"2026-02-07T16:39:01","slug":"elegant-orhangen","status":"publish","type":"product","link":"https:\/\/www.zaza-lili.com\/sv\/produkt\/elegant-orhangen\/","title":{"rendered":"Elegant<br> \u00d6rh\u00e4ngen"},"content":{"rendered":"<p>Sm\u00e5 gnistrande genomskinliga kubiska zirkoner framh\u00e4ver enkelheten hos dessa eleganta \u00f6rh\u00e4ngen. Den raffinerade designen ger en ljus och subtil touch till alla outfits. Titanstift f\u00f6r optimal komfort.<\/p>\n","protected":false},"excerpt":{"rendered":"<p>Sm\u00e5 gnistrande genomskinliga kubiska zirkoner framh\u00e4ver enkelheten hos dessa eleganta \u00f6rh\u00e4ngen. Den raffinerade designen ger en ljus och subtil touch till alla outfits. Titanstift f\u00f6r optimal komfort.<\/p>\n","protected":false},"featured_media":12600,"template":"","meta":[],"product_brand":[],"product_cat":[181,170,53],"product_tag":[],"class_list":{"0":"post-3755","1":"product","2":"type-product","3":"status-publish","4":"has-post-thumbnail","6":"product_cat-elegant","7":"product_cat-minimal-shine","8":"product_cat-orhangen","10":"first","11":"instock","12":"featured","13":"shipping-taxable","14":"purchasable","15":"product-type-variable","16":"has-default-attributes"},"aioseo_notices":[],"_links":{"self":[{"href":"https:\/\/www.zaza-lili.com\/sv\/wp-json\/wp\/v2\/product\/3755","targetHints":{"allow":["GET"]}}],"collection":[{"href":"https:\/\/www.zaza-lili.com\/sv\/wp-json\/wp\/v2\/product"}],"about":[{"href":"https:\/\/www.zaza-lili.com\/sv\/wp-json\/wp\/v2\/types\/product"}],"version-history":[{"count":0,"href":"https:\/\/www.zaza-lili.com\/sv\/wp-json\/wp\/v2\/product\/3755\/revisions"}],"wp:featuredmedia":[{"embeddable":true,"href":"https:\/\/www.zaza-lili.com\/sv\/wp-json\/wp\/v2\/media\/12600"}],"wp:attachment":[{"href":"https:\/\/www.zaza-lili.com\/sv\/wp-json\/wp\/v2\/media?parent=3755"}],"wp:term":[{"taxonomy":"product_brand","embeddable":true,"href":"https:\/\/www.zaza-lili.com\/sv\/wp-json\/wp\/v2\/product_brand?post=3755"},{"taxonomy":"product_cat","embeddable":true,"href":"https:\/\/www.zaza-lili.com\/sv\/wp-json\/wp\/v2\/product_cat?post=3755"},{"taxonomy":"product_tag","embeddable":true,"href":"https:\/\/www.zaza-lili.com\/sv\/wp-json\/wp\/v2\/product_tag?post=3755"}],"curies":[{"name":"wp","href":"https:\/\/api.w.org\/{rel}","templated":true}]}}