{"id":3709,"date":"2025-11-26T09:12:17","date_gmt":"2025-11-26T09:12:17","guid":{"rendered":"https:\/\/www.refonte.zaza-lili.com\/produit\/precious-armring\/"},"modified":"2026-02-07T16:39:01","modified_gmt":"2026-02-07T16:39:01","slug":"precious-armring","status":"publish","type":"product","link":"https:\/\/www.zaza-lili.com\/sv\/produkt\/precious-armring\/","title":{"rendered":"Precious<br> Armring"},"content":{"rendered":"<p>\u00d6ppen och justerbar, detta eleganta armband \u00e4r f\u00f6rh\u00f6jt med gnistrande kubiska zirkoner som ger ljus och sofistikerad elegans till handleden. Dess minimalistiska och moderna design g\u00f6r det till ett m\u00e5ngsidigt smycke, perfekt att b\u00e4ra ensam eller tillsammans med andra.<\/p>\n","protected":false},"excerpt":{"rendered":"<p>\u00d6ppen och justerbar, detta eleganta armband \u00e4r f\u00f6rh\u00f6jt med gnistrande kubiska zirkoner som ger ljus och sofistikerad elegans till handleden. Dess minimalistiska och moderna design g\u00f6r det till ett m\u00e5ngsidigt smycke, perfekt att b\u00e4ra ensam eller tillsammans med andra.<\/p>\n","protected":false},"featured_media":3708,"template":"","meta":[],"product_brand":[],"product_cat":[55,170,178,67],"product_tag":[],"class_list":{"0":"post-3709","1":"product","2":"type-product","3":"status-publish","4":"has-post-thumbnail","6":"product_cat-armband","7":"product_cat-minimal-shine","8":"product_cat-precious","9":"product_cat-sista-chansen","11":"first","12":"instock","13":"featured","14":"shipping-taxable","15":"purchasable","16":"product-type-variable","17":"has-default-attributes"},"aioseo_notices":[],"_links":{"self":[{"href":"https:\/\/www.zaza-lili.com\/sv\/wp-json\/wp\/v2\/product\/3709","targetHints":{"allow":["GET"]}}],"collection":[{"href":"https:\/\/www.zaza-lili.com\/sv\/wp-json\/wp\/v2\/product"}],"about":[{"href":"https:\/\/www.zaza-lili.com\/sv\/wp-json\/wp\/v2\/types\/product"}],"version-history":[{"count":0,"href":"https:\/\/www.zaza-lili.com\/sv\/wp-json\/wp\/v2\/product\/3709\/revisions"}],"wp:featuredmedia":[{"embeddable":true,"href":"https:\/\/www.zaza-lili.com\/sv\/wp-json\/wp\/v2\/media\/3708"}],"wp:attachment":[{"href":"https:\/\/www.zaza-lili.com\/sv\/wp-json\/wp\/v2\/media?parent=3709"}],"wp:term":[{"taxonomy":"product_brand","embeddable":true,"href":"https:\/\/www.zaza-lili.com\/sv\/wp-json\/wp\/v2\/product_brand?post=3709"},{"taxonomy":"product_cat","embeddable":true,"href":"https:\/\/www.zaza-lili.com\/sv\/wp-json\/wp\/v2\/product_cat?post=3709"},{"taxonomy":"product_tag","embeddable":true,"href":"https:\/\/www.zaza-lili.com\/sv\/wp-json\/wp\/v2\/product_tag?post=3709"}],"curies":[{"name":"wp","href":"https:\/\/api.w.org\/{rel}","templated":true}]}}