{"id":3687,"date":"2025-11-26T09:01:21","date_gmt":"2025-11-26T09:01:21","guid":{"rendered":"https:\/\/www.refonte.zaza-lili.com\/produit\/precious-orhangen\/"},"modified":"2026-02-07T16:38:43","modified_gmt":"2026-02-07T16:38:43","slug":"precious-orhangen","status":"publish","type":"product","link":"https:\/\/www.zaza-lili.com\/sv\/produkt\/precious-orhangen\/","title":{"rendered":"Precious <br> \u00d6rh\u00e4ngen"},"content":{"rendered":"<p>Denna originella och eleganta droppform ger ett unikt utseende till dessa klassiska \u00f6rh\u00e4ngen. Gnistrande kubiska zirkoner ger ljus och sofistikering f\u00f6r en stil som \u00e4r b\u00e5de elegant och tidl\u00f6s. Titanstift f\u00f6r optimal komfort.<\/p>\n","protected":false},"excerpt":{"rendered":"<p>Denna originella och eleganta droppform ger ett unikt utseende till dessa klassiska \u00f6rh\u00e4ngen. Gnistrande kubiska zirkoner ger ljus och sofistikering f\u00f6r en stil som \u00e4r b\u00e5de elegant och tidl\u00f6s. Titanstift f\u00f6r optimal komfort.<\/p>\n","protected":false},"featured_media":3686,"template":"","meta":[],"product_brand":[],"product_cat":[170,53,178,67],"product_tag":[],"class_list":{"0":"post-3687","1":"product","2":"type-product","3":"status-publish","4":"has-post-thumbnail","6":"product_cat-minimal-shine","7":"product_cat-orhangen","8":"product_cat-precious","9":"product_cat-sista-chansen","11":"first","12":"instock","13":"featured","14":"shipping-taxable","15":"purchasable","16":"product-type-variable","17":"has-default-attributes"},"aioseo_notices":[],"_links":{"self":[{"href":"https:\/\/www.zaza-lili.com\/sv\/wp-json\/wp\/v2\/product\/3687","targetHints":{"allow":["GET"]}}],"collection":[{"href":"https:\/\/www.zaza-lili.com\/sv\/wp-json\/wp\/v2\/product"}],"about":[{"href":"https:\/\/www.zaza-lili.com\/sv\/wp-json\/wp\/v2\/types\/product"}],"version-history":[{"count":0,"href":"https:\/\/www.zaza-lili.com\/sv\/wp-json\/wp\/v2\/product\/3687\/revisions"}],"wp:featuredmedia":[{"embeddable":true,"href":"https:\/\/www.zaza-lili.com\/sv\/wp-json\/wp\/v2\/media\/3686"}],"wp:attachment":[{"href":"https:\/\/www.zaza-lili.com\/sv\/wp-json\/wp\/v2\/media?parent=3687"}],"wp:term":[{"taxonomy":"product_brand","embeddable":true,"href":"https:\/\/www.zaza-lili.com\/sv\/wp-json\/wp\/v2\/product_brand?post=3687"},{"taxonomy":"product_cat","embeddable":true,"href":"https:\/\/www.zaza-lili.com\/sv\/wp-json\/wp\/v2\/product_cat?post=3687"},{"taxonomy":"product_tag","embeddable":true,"href":"https:\/\/www.zaza-lili.com\/sv\/wp-json\/wp\/v2\/product_tag?post=3687"}],"curies":[{"name":"wp","href":"https:\/\/api.w.org\/{rel}","templated":true}]}}