{"id":3662,"date":"2025-11-25T17:16:08","date_gmt":"2025-11-25T17:16:08","guid":{"rendered":"https:\/\/www.refonte.zaza-lili.com\/produit\/precious\/"},"modified":"2026-02-07T16:39:01","modified_gmt":"2026-02-07T16:39:01","slug":"precious-ring","status":"publish","type":"product","link":"https:\/\/www.zaza-lili.com\/sv\/produkt\/precious-ring\/","title":{"rendered":"Precious<br>Ring"},"content":{"rendered":"<p>Denna stilrena och eleganta ring \u00e4r f\u00f6rh\u00f6jd med gnistrande genomskinliga kubiska zirkoner, vilket ger ljus och sofistikering. \u00d6ppen och justerbar, den passar perfekt p\u00e5 alla fingrar och f\u00f6renar minimalistisk stil med elegans.<\/p>\n","protected":false},"excerpt":{"rendered":"<p>Denna stilrena och eleganta ring \u00e4r f\u00f6rh\u00f6jd med gnistrande genomskinliga kubiska zirkoner, vilket ger ljus och sofistikering. \u00d6ppen och justerbar, den passar perfekt p\u00e5 alla fingrar och f\u00f6renar minimalistisk stil med elegans.<\/p>\n","protected":false},"featured_media":3661,"template":"","meta":[],"product_brand":[],"product_cat":[170,178,102,67],"product_tag":[],"class_list":{"0":"post-3662","1":"product","2":"type-product","3":"status-publish","4":"has-post-thumbnail","6":"product_cat-minimal-shine","7":"product_cat-precious","8":"product_cat-ringar","9":"product_cat-sista-chansen","11":"first","12":"instock","13":"featured","14":"shipping-taxable","15":"purchasable","16":"product-type-variable","17":"has-default-attributes"},"aioseo_notices":[],"_links":{"self":[{"href":"https:\/\/www.zaza-lili.com\/sv\/wp-json\/wp\/v2\/product\/3662","targetHints":{"allow":["GET"]}}],"collection":[{"href":"https:\/\/www.zaza-lili.com\/sv\/wp-json\/wp\/v2\/product"}],"about":[{"href":"https:\/\/www.zaza-lili.com\/sv\/wp-json\/wp\/v2\/types\/product"}],"version-history":[{"count":0,"href":"https:\/\/www.zaza-lili.com\/sv\/wp-json\/wp\/v2\/product\/3662\/revisions"}],"wp:featuredmedia":[{"embeddable":true,"href":"https:\/\/www.zaza-lili.com\/sv\/wp-json\/wp\/v2\/media\/3661"}],"wp:attachment":[{"href":"https:\/\/www.zaza-lili.com\/sv\/wp-json\/wp\/v2\/media?parent=3662"}],"wp:term":[{"taxonomy":"product_brand","embeddable":true,"href":"https:\/\/www.zaza-lili.com\/sv\/wp-json\/wp\/v2\/product_brand?post=3662"},{"taxonomy":"product_cat","embeddable":true,"href":"https:\/\/www.zaza-lili.com\/sv\/wp-json\/wp\/v2\/product_cat?post=3662"},{"taxonomy":"product_tag","embeddable":true,"href":"https:\/\/www.zaza-lili.com\/sv\/wp-json\/wp\/v2\/product_tag?post=3662"}],"curies":[{"name":"wp","href":"https:\/\/api.w.org\/{rel}","templated":true}]}}