{"id":3574,"date":"2025-11-26T09:20:40","date_gmt":"2025-11-26T09:20:40","guid":{"rendered":"https:\/\/www.refonte.zaza-lili.com\/?post_type=product&#038;p=3574"},"modified":"2026-02-07T16:39:01","modified_gmt":"2026-02-07T16:39:01","slug":"halsbandprecious","status":"publish","type":"product","link":"https:\/\/www.zaza-lili.com\/sv\/produkt\/halsbandprecious\/","title":{"rendered":"Halsband<br>Precious"},"content":{"rendered":"<p>Ett unikt designat droppformat h\u00e4nge, f\u00f6rh\u00f6jt med fina kubiska zirkoner. Upph\u00e4ngd p\u00e5 en tunn kedja, kombinerar det tidl\u00f6s elegans med subtil glans.<\/p>\n","protected":false},"excerpt":{"rendered":"<p>Ett unikt designat droppformat h\u00e4nge, f\u00f6rh\u00f6jt med fina kubiska zirkoner. Upph\u00e4ngd p\u00e5 en tunn kedja, kombinerar det tidl\u00f6s elegans med subtil glans.<\/p>\n","protected":false},"featured_media":3573,"template":"","meta":[],"product_brand":[],"product_cat":[96,170,178,67],"product_tag":[],"class_list":{"0":"post-3574","1":"product","2":"type-product","3":"status-publish","4":"has-post-thumbnail","6":"product_cat-halsband","7":"product_cat-minimal-shine","8":"product_cat-precious","9":"product_cat-sista-chansen","11":"first","12":"instock","13":"featured","14":"shipping-taxable","15":"purchasable","16":"product-type-variable","17":"has-default-attributes"},"aioseo_notices":[],"_links":{"self":[{"href":"https:\/\/www.zaza-lili.com\/sv\/wp-json\/wp\/v2\/product\/3574","targetHints":{"allow":["GET"]}}],"collection":[{"href":"https:\/\/www.zaza-lili.com\/sv\/wp-json\/wp\/v2\/product"}],"about":[{"href":"https:\/\/www.zaza-lili.com\/sv\/wp-json\/wp\/v2\/types\/product"}],"version-history":[{"count":0,"href":"https:\/\/www.zaza-lili.com\/sv\/wp-json\/wp\/v2\/product\/3574\/revisions"}],"wp:featuredmedia":[{"embeddable":true,"href":"https:\/\/www.zaza-lili.com\/sv\/wp-json\/wp\/v2\/media\/3573"}],"wp:attachment":[{"href":"https:\/\/www.zaza-lili.com\/sv\/wp-json\/wp\/v2\/media?parent=3574"}],"wp:term":[{"taxonomy":"product_brand","embeddable":true,"href":"https:\/\/www.zaza-lili.com\/sv\/wp-json\/wp\/v2\/product_brand?post=3574"},{"taxonomy":"product_cat","embeddable":true,"href":"https:\/\/www.zaza-lili.com\/sv\/wp-json\/wp\/v2\/product_cat?post=3574"},{"taxonomy":"product_tag","embeddable":true,"href":"https:\/\/www.zaza-lili.com\/sv\/wp-json\/wp\/v2\/product_tag?post=3574"}],"curies":[{"name":"wp","href":"https:\/\/api.w.org\/{rel}","templated":true}]}}