{"id":3544,"date":"2025-11-06T18:16:34","date_gmt":"2025-11-06T18:16:34","guid":{"rendered":"https:\/\/www.refonte.zaza-lili.com\/produit\/distinct-long-orhangen\/"},"modified":"2026-02-07T16:39:01","modified_gmt":"2026-02-07T16:39:01","slug":"distinct-long-orhangen","status":"publish","type":"product","link":"https:\/\/www.zaza-lili.com\/sv\/produkt\/distinct-long-orhangen\/","title":{"rendered":"Distinct Long<br> \u00d6rh\u00e4ngen"},"content":{"rendered":"<p>S\u00e5 tunna och delikata att dessa \u00f6rh\u00e4ngen kan b\u00e4ras p\u00e5 flera s\u00e4tt, ensamma eller kombinerade med andra f\u00f6r en personlig stil. Perfekta f\u00f6r en avslappnad daglook eller en sofistikerad kv\u00e4llsoutfit, de \u00e4r f\u00f6rh\u00f6jda med ett h\u00e4nge dekorerat med gnistrande genomskinliga kubiska zirkoner.<\/p>\n","protected":false},"excerpt":{"rendered":"<p>S\u00e5 tunna och delikata att dessa \u00f6rh\u00e4ngen kan b\u00e4ras p\u00e5 flera s\u00e4tt, ensamma eller kombinerade med andra f\u00f6r en personlig stil. Perfekta f\u00f6r en avslappnad daglook eller en sofistikerad kv\u00e4llsoutfit, de \u00e4r f\u00f6rh\u00f6jda med ett h\u00e4nge dekorerat med gnistrande genomskinliga kubiska zirkoner.<\/p>\n","protected":false},"featured_media":3543,"template":"","meta":[],"product_brand":[],"product_cat":[175,170,53],"product_tag":[],"class_list":{"0":"post-3544","1":"product","2":"type-product","3":"status-publish","4":"has-post-thumbnail","6":"product_cat-distinct","7":"product_cat-minimal-shine","8":"product_cat-orhangen","10":"first","11":"instock","12":"featured","13":"shipping-taxable","14":"purchasable","15":"product-type-variable","16":"has-default-attributes"},"aioseo_notices":[],"_links":{"self":[{"href":"https:\/\/www.zaza-lili.com\/sv\/wp-json\/wp\/v2\/product\/3544","targetHints":{"allow":["GET"]}}],"collection":[{"href":"https:\/\/www.zaza-lili.com\/sv\/wp-json\/wp\/v2\/product"}],"about":[{"href":"https:\/\/www.zaza-lili.com\/sv\/wp-json\/wp\/v2\/types\/product"}],"version-history":[{"count":0,"href":"https:\/\/www.zaza-lili.com\/sv\/wp-json\/wp\/v2\/product\/3544\/revisions"}],"wp:featuredmedia":[{"embeddable":true,"href":"https:\/\/www.zaza-lili.com\/sv\/wp-json\/wp\/v2\/media\/3543"}],"wp:attachment":[{"href":"https:\/\/www.zaza-lili.com\/sv\/wp-json\/wp\/v2\/media?parent=3544"}],"wp:term":[{"taxonomy":"product_brand","embeddable":true,"href":"https:\/\/www.zaza-lili.com\/sv\/wp-json\/wp\/v2\/product_brand?post=3544"},{"taxonomy":"product_cat","embeddable":true,"href":"https:\/\/www.zaza-lili.com\/sv\/wp-json\/wp\/v2\/product_cat?post=3544"},{"taxonomy":"product_tag","embeddable":true,"href":"https:\/\/www.zaza-lili.com\/sv\/wp-json\/wp\/v2\/product_tag?post=3544"}],"curies":[{"name":"wp","href":"https:\/\/api.w.org\/{rel}","templated":true}]}}