{"id":3516,"date":"2025-11-06T18:00:54","date_gmt":"2025-11-06T18:00:54","guid":{"rendered":"https:\/\/www.refonte.zaza-lili.com\/produit\/distinct-orhangen\/"},"modified":"2026-03-11T11:15:06","modified_gmt":"2026-03-11T11:15:06","slug":"distinct-orhangen","status":"publish","type":"product","link":"https:\/\/www.zaza-lili.com\/sv\/produkt\/distinct-orhangen\/","title":{"rendered":"Distinct <br>\u00d6rh\u00e4ngen"},"content":{"rendered":"<p>S\u00e5 tunna och delikata att dessa \u00f6rh\u00e4ngen kan b\u00e4ras p\u00e5 flera s\u00e4tt, ensamma eller kombinerade med andra f\u00f6r en personlig stil. F\u00f6rh\u00f6jda med gnistrande genomskinliga kubiska zirkoner ger de en ljus och sofistikerad touch till din look.<\/p>\n","protected":false},"excerpt":{"rendered":"<p>S\u00e5 tunna och delikata att dessa \u00f6rh\u00e4ngen kan b\u00e4ras p\u00e5 flera s\u00e4tt, ensamma eller kombinerade med andra f\u00f6r en personlig stil. F\u00f6rh\u00f6jda med gnistrande genomskinliga kubiska zirkoner ger de en ljus och sofistikerad touch till din look.<\/p>\n","protected":false},"featured_media":12589,"template":"","meta":[],"product_brand":[],"product_cat":[175,170,53],"product_tag":[],"class_list":{"0":"post-3516","1":"product","2":"type-product","3":"status-publish","4":"has-post-thumbnail","6":"product_cat-distinct","7":"product_cat-minimal-shine","8":"product_cat-orhangen","10":"first","11":"instock","12":"featured","13":"shipping-taxable","14":"purchasable","15":"product-type-variable","16":"has-default-attributes"},"aioseo_notices":[],"_links":{"self":[{"href":"https:\/\/www.zaza-lili.com\/sv\/wp-json\/wp\/v2\/product\/3516","targetHints":{"allow":["GET"]}}],"collection":[{"href":"https:\/\/www.zaza-lili.com\/sv\/wp-json\/wp\/v2\/product"}],"about":[{"href":"https:\/\/www.zaza-lili.com\/sv\/wp-json\/wp\/v2\/types\/product"}],"version-history":[{"count":0,"href":"https:\/\/www.zaza-lili.com\/sv\/wp-json\/wp\/v2\/product\/3516\/revisions"}],"wp:featuredmedia":[{"embeddable":true,"href":"https:\/\/www.zaza-lili.com\/sv\/wp-json\/wp\/v2\/media\/12589"}],"wp:attachment":[{"href":"https:\/\/www.zaza-lili.com\/sv\/wp-json\/wp\/v2\/media?parent=3516"}],"wp:term":[{"taxonomy":"product_brand","embeddable":true,"href":"https:\/\/www.zaza-lili.com\/sv\/wp-json\/wp\/v2\/product_brand?post=3516"},{"taxonomy":"product_cat","embeddable":true,"href":"https:\/\/www.zaza-lili.com\/sv\/wp-json\/wp\/v2\/product_cat?post=3516"},{"taxonomy":"product_tag","embeddable":true,"href":"https:\/\/www.zaza-lili.com\/sv\/wp-json\/wp\/v2\/product_tag?post=3516"}],"curies":[{"name":"wp","href":"https:\/\/api.w.org\/{rel}","templated":true}]}}