{"id":3492,"date":"2025-11-06T17:45:04","date_gmt":"2025-11-06T17:45:04","guid":{"rendered":"https:\/\/www.refonte.zaza-lili.com\/produit\/distinct-ring\/"},"modified":"2026-02-07T16:39:01","modified_gmt":"2026-02-07T16:39:01","slug":"distinct-ring","status":"publish","type":"product","link":"https:\/\/www.zaza-lili.com\/sv\/produkt\/distinct-ring\/","title":{"rendered":"Distinct<br> Ring"},"content":{"rendered":"<p>S\u00e5 tunn och delikat att denna ring kan b\u00e4ras p\u00e5 flera s\u00e4tt, ensam eller kombinerad med andra f\u00f6r en personlig stil. \u00d6ppen och justerbar, den \u00e4r elegant i sin minimalistiska design och passar alla fingrar.<\/p>\n","protected":false},"excerpt":{"rendered":"<p>S\u00e5 tunn och delikat att denna ring kan b\u00e4ras p\u00e5 flera s\u00e4tt, ensam eller kombinerad med andra f\u00f6r en personlig stil. \u00d6ppen och justerbar, den \u00e4r elegant i sin minimalistiska design och passar alla fingrar.<\/p>\n","protected":false},"featured_media":3491,"template":"","meta":[],"product_brand":[],"product_cat":[175,170,102],"product_tag":[],"class_list":{"0":"post-3492","1":"product","2":"type-product","3":"status-publish","4":"has-post-thumbnail","6":"product_cat-distinct","7":"product_cat-minimal-shine","8":"product_cat-ringar","10":"first","11":"instock","12":"featured","13":"shipping-taxable","14":"purchasable","15":"product-type-variable","16":"has-default-attributes"},"aioseo_notices":[],"_links":{"self":[{"href":"https:\/\/www.zaza-lili.com\/sv\/wp-json\/wp\/v2\/product\/3492","targetHints":{"allow":["GET"]}}],"collection":[{"href":"https:\/\/www.zaza-lili.com\/sv\/wp-json\/wp\/v2\/product"}],"about":[{"href":"https:\/\/www.zaza-lili.com\/sv\/wp-json\/wp\/v2\/types\/product"}],"version-history":[{"count":0,"href":"https:\/\/www.zaza-lili.com\/sv\/wp-json\/wp\/v2\/product\/3492\/revisions"}],"wp:featuredmedia":[{"embeddable":true,"href":"https:\/\/www.zaza-lili.com\/sv\/wp-json\/wp\/v2\/media\/3491"}],"wp:attachment":[{"href":"https:\/\/www.zaza-lili.com\/sv\/wp-json\/wp\/v2\/media?parent=3492"}],"wp:term":[{"taxonomy":"product_brand","embeddable":true,"href":"https:\/\/www.zaza-lili.com\/sv\/wp-json\/wp\/v2\/product_brand?post=3492"},{"taxonomy":"product_cat","embeddable":true,"href":"https:\/\/www.zaza-lili.com\/sv\/wp-json\/wp\/v2\/product_cat?post=3492"},{"taxonomy":"product_tag","embeddable":true,"href":"https:\/\/www.zaza-lili.com\/sv\/wp-json\/wp\/v2\/product_tag?post=3492"}],"curies":[{"name":"wp","href":"https:\/\/api.w.org\/{rel}","templated":true}]}}