{"id":3467,"date":"2025-11-06T14:57:19","date_gmt":"2025-11-06T14:57:19","guid":{"rendered":"https:\/\/www.refonte.zaza-lili.com\/produit\/delicate-multi-orhangen\/"},"modified":"2026-02-07T16:38:43","modified_gmt":"2026-02-07T16:38:43","slug":"delicate-multi-orhangen","status":"publish","type":"product","link":"https:\/\/www.zaza-lili.com\/sv\/produkt\/delicate-multi-orhangen\/","title":{"rendered":"Delicate Multi <br>\u00d6rh\u00e4ngen"},"content":{"rendered":"<p>Eleganta och trendiga, dessa \u00f6rh\u00e4ngen kan b\u00e4ras p\u00e5 flera s\u00e4tt: ringen kan placeras klassiskt p\u00e5 \u00f6rsnibben eller mer originellt bakom den. Den lilla kulan kan \u00e4ven b\u00e4ras ensam f\u00f6r en subtil och sofistikerad stil. Smycket \u00e4r vackert dekorerat med gnistrande genomskinliga kristaller, vilket ger ljus och elegans till din look.<\/p>\n","protected":false},"excerpt":{"rendered":"<p>Eleganta och trendiga, dessa \u00f6rh\u00e4ngen kan b\u00e4ras p\u00e5 flera s\u00e4tt: ringen kan placeras klassiskt p\u00e5 \u00f6rsnibben eller mer originellt bakom den. Den lilla kulan kan \u00e4ven b\u00e4ras ensam f\u00f6r en subtil och sofistikerad stil. Smycket \u00e4r vackert dekorerat med gnistrande genomskinliga kristaller, vilket ger ljus och elegans till din look.<\/p>\n","protected":false},"featured_media":12551,"template":"","meta":[],"product_brand":[],"product_cat":[172,99,170,53],"product_tag":[],"class_list":{"0":"post-3467","1":"product","2":"type-product","3":"status-publish","4":"has-post-thumbnail","6":"product_cat-delicate","7":"product_cat-sortiment-inflight","8":"product_cat-minimal-shine","9":"product_cat-orhangen","11":"first","12":"instock","13":"featured","14":"shipping-taxable","15":"purchasable","16":"product-type-variable","17":"has-default-attributes"},"aioseo_notices":[],"_links":{"self":[{"href":"https:\/\/www.zaza-lili.com\/sv\/wp-json\/wp\/v2\/product\/3467","targetHints":{"allow":["GET"]}}],"collection":[{"href":"https:\/\/www.zaza-lili.com\/sv\/wp-json\/wp\/v2\/product"}],"about":[{"href":"https:\/\/www.zaza-lili.com\/sv\/wp-json\/wp\/v2\/types\/product"}],"version-history":[{"count":0,"href":"https:\/\/www.zaza-lili.com\/sv\/wp-json\/wp\/v2\/product\/3467\/revisions"}],"wp:featuredmedia":[{"embeddable":true,"href":"https:\/\/www.zaza-lili.com\/sv\/wp-json\/wp\/v2\/media\/12551"}],"wp:attachment":[{"href":"https:\/\/www.zaza-lili.com\/sv\/wp-json\/wp\/v2\/media?parent=3467"}],"wp:term":[{"taxonomy":"product_brand","embeddable":true,"href":"https:\/\/www.zaza-lili.com\/sv\/wp-json\/wp\/v2\/product_brand?post=3467"},{"taxonomy":"product_cat","embeddable":true,"href":"https:\/\/www.zaza-lili.com\/sv\/wp-json\/wp\/v2\/product_cat?post=3467"},{"taxonomy":"product_tag","embeddable":true,"href":"https:\/\/www.zaza-lili.com\/sv\/wp-json\/wp\/v2\/product_tag?post=3467"}],"curies":[{"name":"wp","href":"https:\/\/api.w.org\/{rel}","templated":true}]}}