{"id":3448,"date":"2025-11-06T14:38:54","date_gmt":"2025-11-06T14:38:54","guid":{"rendered":"https:\/\/www.refonte.zaza-lili.com\/produit\/delicate-halsband\/"},"modified":"2026-01-16T10:25:47","modified_gmt":"2026-01-16T10:25:47","slug":"delicate-halsband","status":"publish","type":"product","link":"https:\/\/www.zaza-lili.com\/sv\/produkt\/delicate-halsband\/","title":{"rendered":"Delicate<br> Halsband"},"content":{"rendered":"<p>Ett delikat h\u00e4nge som ger halsbandet en minimalistisk k\u00e4nsla. Kedjan kan b\u00e4ras med en elegant knut eller enkelt tr\u00e4s genom h\u00e4nget f\u00f6r en personlig stil. Gnistrande kubiska zirkoner ger en subtil och sofistikerad glans till smycket.<\/p>\n","protected":false},"excerpt":{"rendered":"<p>Ett delikat h\u00e4nge som ger halsbandet en minimalistisk k\u00e4nsla. Kedjan kan b\u00e4ras med en elegant knut eller enkelt tr\u00e4s genom h\u00e4nget f\u00f6r en personlig stil. Gnistrande kubiska zirkoner ger en subtil och sofistikerad glans till smycket.<\/p>\n","protected":false},"featured_media":3447,"template":"","meta":[],"product_brand":[],"product_cat":[172,96,170,67],"product_tag":[],"class_list":{"0":"post-3448","1":"product","2":"type-product","3":"status-publish","4":"has-post-thumbnail","6":"product_cat-delicate","7":"product_cat-halsband","8":"product_cat-minimal-shine","9":"product_cat-sista-chansen","11":"first","12":"instock","13":"featured","14":"shipping-taxable","15":"purchasable","16":"product-type-variable","17":"has-default-attributes"},"aioseo_notices":[],"_links":{"self":[{"href":"https:\/\/www.zaza-lili.com\/sv\/wp-json\/wp\/v2\/product\/3448","targetHints":{"allow":["GET"]}}],"collection":[{"href":"https:\/\/www.zaza-lili.com\/sv\/wp-json\/wp\/v2\/product"}],"about":[{"href":"https:\/\/www.zaza-lili.com\/sv\/wp-json\/wp\/v2\/types\/product"}],"version-history":[{"count":0,"href":"https:\/\/www.zaza-lili.com\/sv\/wp-json\/wp\/v2\/product\/3448\/revisions"}],"wp:featuredmedia":[{"embeddable":true,"href":"https:\/\/www.zaza-lili.com\/sv\/wp-json\/wp\/v2\/media\/3447"}],"wp:attachment":[{"href":"https:\/\/www.zaza-lili.com\/sv\/wp-json\/wp\/v2\/media?parent=3448"}],"wp:term":[{"taxonomy":"product_brand","embeddable":true,"href":"https:\/\/www.zaza-lili.com\/sv\/wp-json\/wp\/v2\/product_brand?post=3448"},{"taxonomy":"product_cat","embeddable":true,"href":"https:\/\/www.zaza-lili.com\/sv\/wp-json\/wp\/v2\/product_cat?post=3448"},{"taxonomy":"product_tag","embeddable":true,"href":"https:\/\/www.zaza-lili.com\/sv\/wp-json\/wp\/v2\/product_tag?post=3448"}],"curies":[{"name":"wp","href":"https:\/\/api.w.org\/{rel}","templated":true}]}}