{"id":3419,"date":"2025-11-05T17:46:48","date_gmt":"2025-11-05T17:46:48","guid":{"rendered":"https:\/\/www.refonte.zaza-lili.com\/produit\/delicate-armring\/"},"modified":"2026-02-07T16:39:01","modified_gmt":"2026-02-07T16:39:01","slug":"delicate-armring","status":"publish","type":"product","link":"https:\/\/www.zaza-lili.com\/sv\/produkt\/delicate-armring\/","title":{"rendered":"Delicate <br> Armring"},"content":{"rendered":"<p>Ett \u00f6ppet, justerbart armband med minimalistisk design, f\u00f6rh\u00f6jt med gnistrande kubiska zirkoner. Elegant och raffinerat, detta smycke ger en ljus och subtil touch till alla outfits, b\u00e5de vardag och fest.<\/p>\n","protected":false},"excerpt":{"rendered":"<p>Denna \u00f6ppna och justerbara armring har en minimalistisk design och \u00e4r prydd med glittrande cubic zirkonia. Justerbar storlek fr\u00e5n 16 till 20 cm.<\/p>\n<p>Fri fr\u00e5n nickel, bly och kadmium, med elektronisk bel\u00e4ggning f\u00f6r en f\u00f6rstklassig finish och l\u00e5ngvarig h\u00e5llbarhet.<\/p>\n<p>Finns i fyra stiliga varianter.<\/p>\n","protected":false},"featured_media":3418,"template":"","meta":[],"product_brand":[],"product_cat":[55,172,170,67],"product_tag":[],"class_list":{"0":"post-3419","1":"product","2":"type-product","3":"status-publish","4":"has-post-thumbnail","6":"product_cat-armband","7":"product_cat-delicate","8":"product_cat-minimal-shine","9":"product_cat-sista-chansen","11":"first","12":"instock","13":"featured","14":"shipping-taxable","15":"purchasable","16":"product-type-variable","17":"has-default-attributes"},"aioseo_notices":[],"_links":{"self":[{"href":"https:\/\/www.zaza-lili.com\/sv\/wp-json\/wp\/v2\/product\/3419","targetHints":{"allow":["GET"]}}],"collection":[{"href":"https:\/\/www.zaza-lili.com\/sv\/wp-json\/wp\/v2\/product"}],"about":[{"href":"https:\/\/www.zaza-lili.com\/sv\/wp-json\/wp\/v2\/types\/product"}],"version-history":[{"count":0,"href":"https:\/\/www.zaza-lili.com\/sv\/wp-json\/wp\/v2\/product\/3419\/revisions"}],"wp:featuredmedia":[{"embeddable":true,"href":"https:\/\/www.zaza-lili.com\/sv\/wp-json\/wp\/v2\/media\/3418"}],"wp:attachment":[{"href":"https:\/\/www.zaza-lili.com\/sv\/wp-json\/wp\/v2\/media?parent=3419"}],"wp:term":[{"taxonomy":"product_brand","embeddable":true,"href":"https:\/\/www.zaza-lili.com\/sv\/wp-json\/wp\/v2\/product_brand?post=3419"},{"taxonomy":"product_cat","embeddable":true,"href":"https:\/\/www.zaza-lili.com\/sv\/wp-json\/wp\/v2\/product_cat?post=3419"},{"taxonomy":"product_tag","embeddable":true,"href":"https:\/\/www.zaza-lili.com\/sv\/wp-json\/wp\/v2\/product_tag?post=3419"}],"curies":[{"name":"wp","href":"https:\/\/api.w.org\/{rel}","templated":true}]}}