{"id":3361,"date":"2025-11-05T17:23:44","date_gmt":"2025-11-05T17:23:44","guid":{"rendered":"https:\/\/www.refonte.zaza-lili.com\/produit\/delicate-orhangen\/"},"modified":"2026-02-07T16:39:01","modified_gmt":"2026-02-07T16:39:01","slug":"delicate-orhangen","status":"publish","type":"product","link":"https:\/\/www.zaza-lili.com\/sv\/produkt\/delicate-orhangen\/","title":{"rendered":"Delicate<br> \u00d6rh\u00e4ngen"},"content":{"rendered":"<p>Fina \u00f6rh\u00e4ngen prydda med gnistrande cubic zirconia. Storlek 6 mm \u00d8. Stift i sterling silver. Fri fr\u00e5n nickel, bly och kadmium.<\/p>\n<p>Finns i 4 olika stilar.<\/p>\n","protected":false},"excerpt":{"rendered":"<p>Fina \u00f6rh\u00e4ngen prydda med gnistrande cubic zirconia. Storlek 6 mm \u00d8. Stift i sterling silver. Fri fr\u00e5n nickel, bly och kadmium. Finns i 4 olika stilar.<\/p>\n","protected":false},"featured_media":3360,"template":"","meta":[],"product_brand":[],"product_cat":[172,170,53,67],"product_tag":[],"class_list":{"0":"post-3361","1":"product","2":"type-product","3":"status-publish","4":"has-post-thumbnail","6":"product_cat-delicate","7":"product_cat-minimal-shine","8":"product_cat-orhangen","9":"product_cat-sista-chansen","11":"first","12":"instock","13":"featured","14":"shipping-taxable","15":"purchasable","16":"product-type-variable","17":"has-default-attributes"},"aioseo_notices":[],"_links":{"self":[{"href":"https:\/\/www.zaza-lili.com\/sv\/wp-json\/wp\/v2\/product\/3361","targetHints":{"allow":["GET"]}}],"collection":[{"href":"https:\/\/www.zaza-lili.com\/sv\/wp-json\/wp\/v2\/product"}],"about":[{"href":"https:\/\/www.zaza-lili.com\/sv\/wp-json\/wp\/v2\/types\/product"}],"version-history":[{"count":0,"href":"https:\/\/www.zaza-lili.com\/sv\/wp-json\/wp\/v2\/product\/3361\/revisions"}],"wp:featuredmedia":[{"embeddable":true,"href":"https:\/\/www.zaza-lili.com\/sv\/wp-json\/wp\/v2\/media\/3360"}],"wp:attachment":[{"href":"https:\/\/www.zaza-lili.com\/sv\/wp-json\/wp\/v2\/media?parent=3361"}],"wp:term":[{"taxonomy":"product_brand","embeddable":true,"href":"https:\/\/www.zaza-lili.com\/sv\/wp-json\/wp\/v2\/product_brand?post=3361"},{"taxonomy":"product_cat","embeddable":true,"href":"https:\/\/www.zaza-lili.com\/sv\/wp-json\/wp\/v2\/product_cat?post=3361"},{"taxonomy":"product_tag","embeddable":true,"href":"https:\/\/www.zaza-lili.com\/sv\/wp-json\/wp\/v2\/product_tag?post=3361"}],"curies":[{"name":"wp","href":"https:\/\/api.w.org\/{rel}","templated":true}]}}