{"id":3333,"date":"2025-11-05T17:11:01","date_gmt":"2025-11-05T17:11:01","guid":{"rendered":"https:\/\/www.refonte.zaza-lili.com\/produit\/delicate-long-orhangen\/"},"modified":"2026-02-07T16:38:43","modified_gmt":"2026-02-07T16:38:43","slug":"delicate-long-orhangen","status":"publish","type":"product","link":"https:\/\/www.zaza-lili.com\/sv\/produkt\/delicate-long-orhangen\/","title":{"rendered":"Delicate Long <br>\u00d6rh\u00e4ngen"},"content":{"rendered":"<p>Delikata \u00f6rh\u00e4ngen med ett runt h\u00e4nge som h\u00e4nger p\u00e5 en tunn kedja som elegant tr\u00e4s genom \u00f6rat. Den minimalistiska designen ger en modern och sofistikerad touch till alla outfits.<\/p>\n","protected":false},"excerpt":{"rendered":"<p>Delikata \u00f6rh\u00e4ngen med ett runt h\u00e4nge som h\u00e4nger p\u00e5 en tunn kedja som elegant tr\u00e4s genom \u00f6rat. Den minimalistiska designen ger en modern och sofistikerad touch till alla outfits.<\/p>\n","protected":false},"featured_media":3332,"template":"","meta":[],"product_brand":[],"product_cat":[172,170,53,67],"product_tag":[],"class_list":{"0":"post-3333","1":"product","2":"type-product","3":"status-publish","4":"has-post-thumbnail","6":"product_cat-delicate","7":"product_cat-minimal-shine","8":"product_cat-orhangen","9":"product_cat-sista-chansen","11":"first","12":"instock","13":"featured","14":"shipping-taxable","15":"purchasable","16":"product-type-variable","17":"has-default-attributes"},"aioseo_notices":[],"_links":{"self":[{"href":"https:\/\/www.zaza-lili.com\/sv\/wp-json\/wp\/v2\/product\/3333","targetHints":{"allow":["GET"]}}],"collection":[{"href":"https:\/\/www.zaza-lili.com\/sv\/wp-json\/wp\/v2\/product"}],"about":[{"href":"https:\/\/www.zaza-lili.com\/sv\/wp-json\/wp\/v2\/types\/product"}],"version-history":[{"count":0,"href":"https:\/\/www.zaza-lili.com\/sv\/wp-json\/wp\/v2\/product\/3333\/revisions"}],"wp:featuredmedia":[{"embeddable":true,"href":"https:\/\/www.zaza-lili.com\/sv\/wp-json\/wp\/v2\/media\/3332"}],"wp:attachment":[{"href":"https:\/\/www.zaza-lili.com\/sv\/wp-json\/wp\/v2\/media?parent=3333"}],"wp:term":[{"taxonomy":"product_brand","embeddable":true,"href":"https:\/\/www.zaza-lili.com\/sv\/wp-json\/wp\/v2\/product_brand?post=3333"},{"taxonomy":"product_cat","embeddable":true,"href":"https:\/\/www.zaza-lili.com\/sv\/wp-json\/wp\/v2\/product_cat?post=3333"},{"taxonomy":"product_tag","embeddable":true,"href":"https:\/\/www.zaza-lili.com\/sv\/wp-json\/wp\/v2\/product_tag?post=3333"}],"curies":[{"name":"wp","href":"https:\/\/api.w.org\/{rel}","templated":true}]}}