{"id":3309,"date":"2025-11-05T16:54:14","date_gmt":"2025-11-05T16:54:14","guid":{"rendered":"https:\/\/www.refonte.zaza-lili.com\/produit\/delicate-ring\/"},"modified":"2026-02-07T16:39:01","modified_gmt":"2026-02-07T16:39:01","slug":"delicate-ring","status":"publish","type":"product","link":"https:\/\/www.zaza-lili.com\/sv\/produkt\/delicate-ring\/","title":{"rendered":"Delicate<br> Ring"},"content":{"rendered":"<p>En minimalistisk ring f\u00f6rh\u00f6jd med gnistrande kubiska zirkoner. \u00d6ppen och justerbar, den f\u00f6renar elegans och modernitet och \u00e4r en perfekt present f\u00f6r alla tillf\u00e4llen.<\/p>\n","protected":false},"excerpt":{"rendered":"<p>En minimalistisk ring f\u00f6rh\u00f6jd med gnistrande kubiska zirkoner. \u00d6ppen och justerbar, den f\u00f6renar elegans och modernitet och \u00e4r en perfekt present f\u00f6r alla tillf\u00e4llen.<\/p>\n","protected":false},"featured_media":3308,"template":"","meta":[],"product_brand":[],"product_cat":[172,170,102,67],"product_tag":[],"class_list":{"0":"post-3309","1":"product","2":"type-product","3":"status-publish","4":"has-post-thumbnail","6":"product_cat-delicate","7":"product_cat-minimal-shine","8":"product_cat-ringar","9":"product_cat-sista-chansen","11":"first","12":"instock","13":"featured","14":"shipping-taxable","15":"purchasable","16":"product-type-variable","17":"has-default-attributes"},"aioseo_notices":[],"_links":{"self":[{"href":"https:\/\/www.zaza-lili.com\/sv\/wp-json\/wp\/v2\/product\/3309","targetHints":{"allow":["GET"]}}],"collection":[{"href":"https:\/\/www.zaza-lili.com\/sv\/wp-json\/wp\/v2\/product"}],"about":[{"href":"https:\/\/www.zaza-lili.com\/sv\/wp-json\/wp\/v2\/types\/product"}],"version-history":[{"count":0,"href":"https:\/\/www.zaza-lili.com\/sv\/wp-json\/wp\/v2\/product\/3309\/revisions"}],"wp:featuredmedia":[{"embeddable":true,"href":"https:\/\/www.zaza-lili.com\/sv\/wp-json\/wp\/v2\/media\/3308"}],"wp:attachment":[{"href":"https:\/\/www.zaza-lili.com\/sv\/wp-json\/wp\/v2\/media?parent=3309"}],"wp:term":[{"taxonomy":"product_brand","embeddable":true,"href":"https:\/\/www.zaza-lili.com\/sv\/wp-json\/wp\/v2\/product_brand?post=3309"},{"taxonomy":"product_cat","embeddable":true,"href":"https:\/\/www.zaza-lili.com\/sv\/wp-json\/wp\/v2\/product_cat?post=3309"},{"taxonomy":"product_tag","embeddable":true,"href":"https:\/\/www.zaza-lili.com\/sv\/wp-json\/wp\/v2\/product_tag?post=3309"}],"curies":[{"name":"wp","href":"https:\/\/api.w.org\/{rel}","templated":true}]}}