{"id":3231,"date":"2025-10-30T17:01:58","date_gmt":"2025-10-30T17:01:58","guid":{"rendered":"https:\/\/www.refonte.zaza-lili.com\/produit\/signet-smallnecklace\/"},"modified":"2026-02-07T16:39:01","modified_gmt":"2026-02-07T16:39:01","slug":"signet-smallnecklace","status":"publish","type":"product","link":"https:\/\/www.zaza-lili.com\/sv\/produkt\/signet-smallnecklace\/","title":{"rendered":"Signet Small<br>Necklace"},"content":{"rendered":"<p>Delikat prydd med en klar, glittrande cubic zirkon \u00e4r detta halsband ett m\u00e5ste som passar till alla outfits. F\u00f6r en trendig och elegant stil, b\u00e4r det tillsammans med den st\u00f6rre Signet halsband modellen.<\/p>\n","protected":false},"excerpt":{"rendered":"<p>Delikat prydd med en klar, glittrande cubic zirkon \u00e4r detta halsband ett m\u00e5ste som passar till alla outfits. F\u00f6r en trendig och elegant stil, b\u00e4r det tillsammans med den st\u00f6rre Signet halsband modellen.<\/p>\n","protected":false},"featured_media":3228,"template":"","meta":[],"product_brand":[],"product_cat":[96,150,166],"product_tag":[],"class_list":{"0":"post-3231","1":"product","2":"type-product","3":"status-publish","4":"has-post-thumbnail","6":"product_cat-halsband","7":"product_cat-linea","8":"product_cat-signet","10":"first","11":"instock","12":"shipping-taxable","13":"purchasable","14":"product-type-variable"},"aioseo_notices":[],"_links":{"self":[{"href":"https:\/\/www.zaza-lili.com\/sv\/wp-json\/wp\/v2\/product\/3231","targetHints":{"allow":["GET"]}}],"collection":[{"href":"https:\/\/www.zaza-lili.com\/sv\/wp-json\/wp\/v2\/product"}],"about":[{"href":"https:\/\/www.zaza-lili.com\/sv\/wp-json\/wp\/v2\/types\/product"}],"version-history":[{"count":0,"href":"https:\/\/www.zaza-lili.com\/sv\/wp-json\/wp\/v2\/product\/3231\/revisions"}],"wp:featuredmedia":[{"embeddable":true,"href":"https:\/\/www.zaza-lili.com\/sv\/wp-json\/wp\/v2\/media\/3228"}],"wp:attachment":[{"href":"https:\/\/www.zaza-lili.com\/sv\/wp-json\/wp\/v2\/media?parent=3231"}],"wp:term":[{"taxonomy":"product_brand","embeddable":true,"href":"https:\/\/www.zaza-lili.com\/sv\/wp-json\/wp\/v2\/product_brand?post=3231"},{"taxonomy":"product_cat","embeddable":true,"href":"https:\/\/www.zaza-lili.com\/sv\/wp-json\/wp\/v2\/product_cat?post=3231"},{"taxonomy":"product_tag","embeddable":true,"href":"https:\/\/www.zaza-lili.com\/sv\/wp-json\/wp\/v2\/product_tag?post=3231"}],"curies":[{"name":"wp","href":"https:\/\/api.w.org\/{rel}","templated":true}]}}