{"id":3205,"date":"2025-10-30T16:52:07","date_gmt":"2025-10-30T16:52:07","guid":{"rendered":"https:\/\/www.refonte.zaza-lili.com\/produit\/signet-large-halsband\/"},"modified":"2026-02-07T16:38:43","modified_gmt":"2026-02-07T16:38:43","slug":"signet-large-halsband","status":"publish","type":"product","link":"https:\/\/www.zaza-lili.com\/sv\/produkt\/signet-large-halsband\/","title":{"rendered":"Signet Large<br>  Halsband"},"content":{"rendered":"<p>Delikat prydd med en klar, glittrande cubic zirkon \u00e4r detta halsband ett m\u00e5ste som passar till alla outfits. F\u00f6r en \u00e4nnu trendigare stil, b\u00e4r det tillsammans med det mindre modellen Signet halsbandet.<\/p>\n","protected":false},"excerpt":{"rendered":"<p>Delikat prydd med en klar, glittrande cubic zirkon \u00e4r detta halsband ett m\u00e5ste som passar till alla outfits. F\u00f6r en \u00e4nnu trendigare stil, b\u00e4r det tillsammans med det mindre modellen Signet halsbandet.<\/p>\n","protected":false},"featured_media":3202,"template":"","meta":[],"product_brand":[],"product_cat":[96,150,166],"product_tag":[],"class_list":{"0":"post-3205","1":"product","2":"type-product","3":"status-publish","4":"has-post-thumbnail","6":"product_cat-halsband","7":"product_cat-linea","8":"product_cat-signet","10":"first","11":"instock","12":"shipping-taxable","13":"purchasable","14":"product-type-variable","15":"has-default-attributes"},"aioseo_notices":[],"_links":{"self":[{"href":"https:\/\/www.zaza-lili.com\/sv\/wp-json\/wp\/v2\/product\/3205","targetHints":{"allow":["GET"]}}],"collection":[{"href":"https:\/\/www.zaza-lili.com\/sv\/wp-json\/wp\/v2\/product"}],"about":[{"href":"https:\/\/www.zaza-lili.com\/sv\/wp-json\/wp\/v2\/types\/product"}],"version-history":[{"count":0,"href":"https:\/\/www.zaza-lili.com\/sv\/wp-json\/wp\/v2\/product\/3205\/revisions"}],"wp:featuredmedia":[{"embeddable":true,"href":"https:\/\/www.zaza-lili.com\/sv\/wp-json\/wp\/v2\/media\/3202"}],"wp:attachment":[{"href":"https:\/\/www.zaza-lili.com\/sv\/wp-json\/wp\/v2\/media?parent=3205"}],"wp:term":[{"taxonomy":"product_brand","embeddable":true,"href":"https:\/\/www.zaza-lili.com\/sv\/wp-json\/wp\/v2\/product_brand?post=3205"},{"taxonomy":"product_cat","embeddable":true,"href":"https:\/\/www.zaza-lili.com\/sv\/wp-json\/wp\/v2\/product_cat?post=3205"},{"taxonomy":"product_tag","embeddable":true,"href":"https:\/\/www.zaza-lili.com\/sv\/wp-json\/wp\/v2\/product_tag?post=3205"}],"curies":[{"name":"wp","href":"https:\/\/api.w.org\/{rel}","templated":true}]}}