{"id":3117,"date":"2025-10-30T11:54:03","date_gmt":"2025-10-30T11:54:03","guid":{"rendered":"https:\/\/www.refonte.zaza-lili.com\/produit\/signet-orhangen\/"},"modified":"2026-02-07T16:39:01","modified_gmt":"2026-02-07T16:39:01","slug":"signet-orhangen","status":"publish","type":"product","link":"https:\/\/www.zaza-lili.com\/sv\/produkt\/signet-orhangen\/","title":{"rendered":"Signet <br>\u00d6rh\u00e4ngen"},"content":{"rendered":"<p>Dessa enkla och eleganta \u00f6rh\u00e4ngen kompletterar alla smycken i Signet-linjen. Den rena och stilfulla designen g\u00f6r dem till ett oumb\u00e4rligt smycke att b\u00e4ra varje dag, ensamma eller tillsammans med andra smycken i kollektionen.<\/p>\n","protected":false},"excerpt":{"rendered":"<p>Dessa enkla och eleganta \u00f6rh\u00e4ngen kompletterar alla smycken i Signet-linjen. Den rena och stilfulla designen g\u00f6r dem till ett oumb\u00e4rligt smycke att b\u00e4ra varje dag, ensamma eller tillsammans med andra smycken i kollektionen.<\/p>\n","protected":false},"featured_media":3114,"template":"","meta":[],"product_brand":[],"product_cat":[150,53,166],"product_tag":[],"class_list":{"0":"post-3117","1":"product","2":"type-product","3":"status-publish","4":"has-post-thumbnail","6":"product_cat-linea","7":"product_cat-orhangen","8":"product_cat-signet","10":"first","11":"instock","12":"shipping-taxable","13":"purchasable","14":"product-type-variable","15":"has-default-attributes"},"aioseo_notices":[],"_links":{"self":[{"href":"https:\/\/www.zaza-lili.com\/sv\/wp-json\/wp\/v2\/product\/3117","targetHints":{"allow":["GET"]}}],"collection":[{"href":"https:\/\/www.zaza-lili.com\/sv\/wp-json\/wp\/v2\/product"}],"about":[{"href":"https:\/\/www.zaza-lili.com\/sv\/wp-json\/wp\/v2\/types\/product"}],"version-history":[{"count":0,"href":"https:\/\/www.zaza-lili.com\/sv\/wp-json\/wp\/v2\/product\/3117\/revisions"}],"wp:featuredmedia":[{"embeddable":true,"href":"https:\/\/www.zaza-lili.com\/sv\/wp-json\/wp\/v2\/media\/3114"}],"wp:attachment":[{"href":"https:\/\/www.zaza-lili.com\/sv\/wp-json\/wp\/v2\/media?parent=3117"}],"wp:term":[{"taxonomy":"product_brand","embeddable":true,"href":"https:\/\/www.zaza-lili.com\/sv\/wp-json\/wp\/v2\/product_brand?post=3117"},{"taxonomy":"product_cat","embeddable":true,"href":"https:\/\/www.zaza-lili.com\/sv\/wp-json\/wp\/v2\/product_cat?post=3117"},{"taxonomy":"product_tag","embeddable":true,"href":"https:\/\/www.zaza-lili.com\/sv\/wp-json\/wp\/v2\/product_tag?post=3117"}],"curies":[{"name":"wp","href":"https:\/\/api.w.org\/{rel}","templated":true}]}}