{"id":3047,"date":"2025-10-30T10:52:46","date_gmt":"2025-10-30T10:52:46","guid":{"rendered":"https:\/\/www.refonte.zaza-lili.com\/produit\/serenity-halsband\/"},"modified":"2026-02-07T16:38:43","modified_gmt":"2026-02-07T16:38:43","slug":"serenity-halsband","status":"publish","type":"product","link":"https:\/\/www.zaza-lili.com\/sv\/produkt\/serenity-halsband\/","title":{"rendered":"Serenity <br> Halsband"},"content":{"rendered":"<p>Ett runt h\u00e4nge med en liten p\u00e4rla som ger det d\u00e4r lilla \u201dextra skimret\u201d. Ett sobert och elegant smycke som lyser upp varje outfit med finstilt elegans.<\/p>\n","protected":false},"excerpt":{"rendered":"<p>Ett runt h\u00e4nge med en liten p\u00e4rla som ger det d\u00e4r lilla \u201dextra skimret\u201d. Ett sobert och elegant smycke som lyser upp varje outfit med finstilt elegans.<\/p>\n","protected":false},"featured_media":3046,"template":"","meta":[],"product_brand":[],"product_cat":[96,150,163],"product_tag":[],"class_list":{"0":"post-3047","1":"product","2":"type-product","3":"status-publish","4":"has-post-thumbnail","6":"product_cat-halsband","7":"product_cat-linea","8":"product_cat-serenity","10":"first","11":"instock","12":"shipping-taxable","13":"purchasable","14":"product-type-variable","15":"has-default-attributes"},"aioseo_notices":[],"_links":{"self":[{"href":"https:\/\/www.zaza-lili.com\/sv\/wp-json\/wp\/v2\/product\/3047","targetHints":{"allow":["GET"]}}],"collection":[{"href":"https:\/\/www.zaza-lili.com\/sv\/wp-json\/wp\/v2\/product"}],"about":[{"href":"https:\/\/www.zaza-lili.com\/sv\/wp-json\/wp\/v2\/types\/product"}],"version-history":[{"count":0,"href":"https:\/\/www.zaza-lili.com\/sv\/wp-json\/wp\/v2\/product\/3047\/revisions"}],"wp:featuredmedia":[{"embeddable":true,"href":"https:\/\/www.zaza-lili.com\/sv\/wp-json\/wp\/v2\/media\/3046"}],"wp:attachment":[{"href":"https:\/\/www.zaza-lili.com\/sv\/wp-json\/wp\/v2\/media?parent=3047"}],"wp:term":[{"taxonomy":"product_brand","embeddable":true,"href":"https:\/\/www.zaza-lili.com\/sv\/wp-json\/wp\/v2\/product_brand?post=3047"},{"taxonomy":"product_cat","embeddable":true,"href":"https:\/\/www.zaza-lili.com\/sv\/wp-json\/wp\/v2\/product_cat?post=3047"},{"taxonomy":"product_tag","embeddable":true,"href":"https:\/\/www.zaza-lili.com\/sv\/wp-json\/wp\/v2\/product_tag?post=3047"}],"curies":[{"name":"wp","href":"https:\/\/api.w.org\/{rel}","templated":true}]}}