{"id":3030,"date":"2025-10-30T10:39:25","date_gmt":"2025-10-30T10:39:25","guid":{"rendered":"https:\/\/www.refonte.zaza-lili.com\/produit\/serenity-ring\/"},"modified":"2026-02-07T16:39:01","modified_gmt":"2026-02-07T16:39:01","slug":"serenity-ring","status":"publish","type":"product","link":"https:\/\/www.zaza-lili.com\/sv\/produkt\/serenity-ring\/","title":{"rendered":"Serenity <br>Ring"},"content":{"rendered":"<p>Denna ring, som ser ut att vara tv\u00e5, p\u00e5minner om v\u00e5gornas fl\u00f6de och skapar en k\u00e4nsla av lugn. Ett delikat och poetiskt smycke som pryder handen med elegans.<\/p>\n","protected":false},"excerpt":{"rendered":"<p>Denna ring, som ser ut att vara tv\u00e5, p\u00e5minner om v\u00e5gornas fl\u00f6de och skapar en k\u00e4nsla av lugn. Ett delikat och poetiskt smycke som pryder handen med elegans.<\/p>\n","protected":false},"featured_media":3029,"template":"","meta":[],"product_brand":[],"product_cat":[150,102,163],"product_tag":[],"class_list":{"0":"post-3030","1":"product","2":"type-product","3":"status-publish","4":"has-post-thumbnail","6":"product_cat-linea","7":"product_cat-ringar","8":"product_cat-serenity","10":"first","11":"instock","12":"shipping-taxable","13":"purchasable","14":"product-type-variable","15":"has-default-attributes"},"aioseo_notices":[],"_links":{"self":[{"href":"https:\/\/www.zaza-lili.com\/sv\/wp-json\/wp\/v2\/product\/3030","targetHints":{"allow":["GET"]}}],"collection":[{"href":"https:\/\/www.zaza-lili.com\/sv\/wp-json\/wp\/v2\/product"}],"about":[{"href":"https:\/\/www.zaza-lili.com\/sv\/wp-json\/wp\/v2\/types\/product"}],"version-history":[{"count":0,"href":"https:\/\/www.zaza-lili.com\/sv\/wp-json\/wp\/v2\/product\/3030\/revisions"}],"wp:featuredmedia":[{"embeddable":true,"href":"https:\/\/www.zaza-lili.com\/sv\/wp-json\/wp\/v2\/media\/3029"}],"wp:attachment":[{"href":"https:\/\/www.zaza-lili.com\/sv\/wp-json\/wp\/v2\/media?parent=3030"}],"wp:term":[{"taxonomy":"product_brand","embeddable":true,"href":"https:\/\/www.zaza-lili.com\/sv\/wp-json\/wp\/v2\/product_brand?post=3030"},{"taxonomy":"product_cat","embeddable":true,"href":"https:\/\/www.zaza-lili.com\/sv\/wp-json\/wp\/v2\/product_cat?post=3030"},{"taxonomy":"product_tag","embeddable":true,"href":"https:\/\/www.zaza-lili.com\/sv\/wp-json\/wp\/v2\/product_tag?post=3030"}],"curies":[{"name":"wp","href":"https:\/\/api.w.org\/{rel}","templated":true}]}}