{"id":2998,"date":"2025-10-29T15:03:10","date_gmt":"2025-10-29T15:03:10","guid":{"rendered":"https:\/\/www.refonte.zaza-lili.com\/produit\/link-armband\/"},"modified":"2026-02-07T16:39:02","modified_gmt":"2026-02-07T16:39:02","slug":"link-armband","status":"publish","type":"product","link":"https:\/\/www.zaza-lili.com\/sv\/produkt\/link-armband\/","title":{"rendered":"Link <br> Armband"},"content":{"rendered":"<p>Detta delikata armband speglar fr\u00e4schhet och renhet, och tillf\u00f6r en subtil charm till din handled. Ett verkligt lyckosmycke, perfekt f\u00f6r vardagligt bruk eller som en omt\u00e4nksam g\u00e5va till din \u00e4lskade.<\/p>\n","protected":false},"excerpt":{"rendered":"<p>Detta delikata armband speglar fr\u00e4schhet och renhet, och tillf\u00f6r en subtil charm till din handled. Ett verkligt lyckosmycke, perfekt f\u00f6r vardagligt bruk eller som en omt\u00e4nksam g\u00e5va till din \u00e4lskade.<\/p>\n","protected":false},"featured_media":2997,"template":"","meta":[],"product_brand":[],"product_cat":[55,158,161],"product_tag":[],"class_list":{"0":"post-2998","1":"product","2":"type-product","3":"status-publish","4":"has-post-thumbnail","6":"product_cat-armband","7":"product_cat-audacia","8":"product_cat-link","10":"first","11":"instock","12":"shipping-taxable","13":"purchasable","14":"product-type-variable","15":"has-default-attributes"},"aioseo_notices":[],"_links":{"self":[{"href":"https:\/\/www.zaza-lili.com\/sv\/wp-json\/wp\/v2\/product\/2998","targetHints":{"allow":["GET"]}}],"collection":[{"href":"https:\/\/www.zaza-lili.com\/sv\/wp-json\/wp\/v2\/product"}],"about":[{"href":"https:\/\/www.zaza-lili.com\/sv\/wp-json\/wp\/v2\/types\/product"}],"version-history":[{"count":0,"href":"https:\/\/www.zaza-lili.com\/sv\/wp-json\/wp\/v2\/product\/2998\/revisions"}],"wp:featuredmedia":[{"embeddable":true,"href":"https:\/\/www.zaza-lili.com\/sv\/wp-json\/wp\/v2\/media\/2997"}],"wp:attachment":[{"href":"https:\/\/www.zaza-lili.com\/sv\/wp-json\/wp\/v2\/media?parent=2998"}],"wp:term":[{"taxonomy":"product_brand","embeddable":true,"href":"https:\/\/www.zaza-lili.com\/sv\/wp-json\/wp\/v2\/product_brand?post=2998"},{"taxonomy":"product_cat","embeddable":true,"href":"https:\/\/www.zaza-lili.com\/sv\/wp-json\/wp\/v2\/product_cat?post=2998"},{"taxonomy":"product_tag","embeddable":true,"href":"https:\/\/www.zaza-lili.com\/sv\/wp-json\/wp\/v2\/product_tag?post=2998"}],"curies":[{"name":"wp","href":"https:\/\/api.w.org\/{rel}","templated":true}]}}